{"id":3407,"date":"2025-03-25T20:19:16","date_gmt":"2025-03-25T20:19:16","guid":{"rendered":"https:\/\/metropolitanmedicalassociates.com\/\/dev\/?page_id=3407"},"modified":"2025-03-25T20:29:10","modified_gmt":"2025-03-25T20:29:10","slug":"acerca-de","status":"publish","type":"page","link":"https:\/\/metropolitanmedicalassociates.com\/es\/acerca-de\/","title":{"rendered":"Acerca de &#8211; Metropolitan Medical Associates"},"content":{"rendered":"\t\t<div data-elementor-type=\"wp-page\" data-elementor-id=\"3407\" class=\"elementor elementor-3407\" data-elementor-post-type=\"page\">\n\t\t\t\t\t\t<section class=\"elementor-section elementor-top-section elementor-element elementor-element-6fb1e5b elementor-section-full_width elementor-section-content-middle elementor-section-stretched elementor-section-height-default elementor-section-height-default\" data-id=\"6fb1e5b\" data-element_type=\"section\" data-settings=\"{&quot;stretch_section&quot;:&quot;section-stretched&quot;,&quot;background_background&quot;:&quot;classic&quot;}\">\n\t\t\t\t\t\t\t<div class=\"elementor-background-overlay\"><\/div>\n\t\t\t\t\t\t\t<div class=\"elementor-container elementor-column-gap-no\">\n\t\t\t\t\t<div class=\"elementor-column elementor-col-100 elementor-top-column elementor-element elementor-element-1f85d8e\" data-id=\"1f85d8e\" data-element_type=\"column\">\n\t\t\t<div class=\"elementor-widget-wrap elementor-element-populated\">\n\t\t\t\t\t\t<section class=\"elementor-section elementor-inner-section elementor-element elementor-element-a76b89a elementor-section-boxed elementor-section-height-default elementor-section-height-default\" data-id=\"a76b89a\" data-element_type=\"section\">\n\t\t\t\t\t\t<div class=\"elementor-container elementor-column-gap-default\">\n\t\t\t\t\t<div class=\"elementor-column elementor-col-100 elementor-inner-column elementor-element elementor-element-2d6edb2\" data-id=\"2d6edb2\" data-element_type=\"column\">\n\t\t\t<div class=\"elementor-widget-wrap elementor-element-populated\">\n\t\t\t\t\t\t<div class=\"elementor-element elementor-element-1b0ab52 elementor-widget elementor-widget-heading\" data-id=\"1b0ab52\" data-element_type=\"widget\" data-widget_type=\"heading.default\">\n\t\t\t\t<div class=\"elementor-widget-container\">\n\t\t\t\t\t<h2 class=\"elementor-heading-title elementor-size-default\">Acerca de<\/h2>\t\t\t\t<\/div>\n\t\t\t\t<\/div>\n\t\t\t\t\t<\/div>\n\t\t<\/div>\n\t\t\t\t\t<\/div>\n\t\t<\/section>\n\t\t\t\t\t<\/div>\n\t\t<\/div>\n\t\t\t\t\t<\/div>\n\t\t<\/section>\n\t\t\t\t<section class=\"elementor-section elementor-top-section elementor-element elementor-element-e072e84 elementor-section-boxed elementor-section-height-default elementor-section-height-default\" data-id=\"e072e84\" data-element_type=\"section\">\n\t\t\t\t\t\t<div class=\"elementor-container elementor-column-gap-default\">\n\t\t\t\t\t<div class=\"elementor-column elementor-col-50 elementor-top-column elementor-element elementor-element-41f161f\" data-id=\"41f161f\" data-element_type=\"column\">\n\t\t\t<div class=\"elementor-widget-wrap elementor-element-populated\">\n\t\t\t\t\t\t<div class=\"elementor-element elementor-element-8752b49 elementor-widget elementor-widget-heading\" data-id=\"8752b49\" data-element_type=\"widget\" data-widget_type=\"heading.default\">\n\t\t\t\t<div class=\"elementor-widget-container\">\n\t\t\t\t\t<h5 class=\"elementor-heading-title elementor-size-default\">Metropolitan Medical Associates<\/h5>\t\t\t\t<\/div>\n\t\t\t\t<\/div>\n\t\t\t\t<div class=\"elementor-element elementor-element-cb0828d elementor-widget elementor-widget-heading\" data-id=\"cb0828d\" data-element_type=\"widget\" data-widget_type=\"heading.default\">\n\t\t\t\t<div class=\"elementor-widget-container\">\n\t\t\t\t\t<h2 class=\"elementor-heading-title elementor-size-default\">Acerca de nosotros: Metropolitan Medical Associates<\/h2>\t\t\t\t<\/div>\n\t\t\t\t<\/div>\n\t\t\t\t<div class=\"elementor-element elementor-element-fbb6249 elementor-widget elementor-widget-heading\" data-id=\"fbb6249\" data-element_type=\"widget\" data-widget_type=\"heading.default\">\n\t\t\t\t<div class=\"elementor-widget-container\">\n\t\t\t\t\t<h4 class=\"elementor-heading-title elementor-size-default\">NUESTRO OBJETIVO<\/h4>\t\t\t\t<\/div>\n\t\t\t\t<\/div>\n\t\t\t\t<div class=\"elementor-element elementor-element-4480679 elementor-widget elementor-widget-text-editor\" data-id=\"4480679\" data-element_type=\"widget\" data-widget_type=\"text-editor.default\">\n\t\t\t\t<div class=\"elementor-widget-container\">\n\t\t\t\t\t\t\t\t\t<p>Nuestro objetivo es proporcionar cuidados m\u00e9dicos de calidad a nuestras pacientes con un respeto m\u00e1ximo por su privacidad, su dignidad y su confidencialidad. Nuestras instalaciones est\u00e1n perfectamente dotadas con el instrumental quir\u00fargico y de diagn\u00f3stico m\u00e1s avanzado, como por ejemplo nuestros equipos de ecograf\u00eda.<\/p>\t\t\t\t\t\t\t\t<\/div>\n\t\t\t\t<\/div>\n\t\t\t\t<section class=\"elementor-section elementor-inner-section elementor-element elementor-element-0545b91 elementor-section-boxed elementor-section-height-default elementor-section-height-default\" data-id=\"0545b91\" data-element_type=\"section\">\n\t\t\t\t\t\t<div class=\"elementor-container elementor-column-gap-default\">\n\t\t\t\t\t<div class=\"elementor-column elementor-col-100 elementor-inner-column elementor-element elementor-element-87f9c98\" data-id=\"87f9c98\" data-element_type=\"column\">\n\t\t\t<div class=\"elementor-widget-wrap elementor-element-populated\">\n\t\t\t\t\t\t<div class=\"elementor-element elementor-element-bbe2a5b elementor-widget elementor-widget-heading\" data-id=\"bbe2a5b\" data-element_type=\"widget\" data-widget_type=\"heading.default\">\n\t\t\t\t<div class=\"elementor-widget-container\">\n\t\t\t\t\t<h4 class=\"elementor-heading-title elementor-size-default\">CERTIFICACI\u00d3N<\/h4>\t\t\t\t<\/div>\n\t\t\t\t<\/div>\n\t\t\t\t<div class=\"elementor-element elementor-element-f3227c9 elementor-widget elementor-widget-text-editor\" data-id=\"f3227c9\" data-element_type=\"widget\" data-widget_type=\"text-editor.default\">\n\t\t\t\t<div class=\"elementor-widget-container\">\n\t\t\t\t\t\t\t\t\t<p>Nuestro equipo especializado de ginec\u00f3logos titulados, con una experiencia combinada de m\u00e1s de 100 a\u00f1os en su campo, es el m\u00e1s sobresaliente del estado de Nueva Jersey y tiene preferencia en el cercano Hospital de Englewood. Nuestros profesionales est\u00e1n especialmente certificados por la Junta de Examinadores M\u00e9dicos de Nueva Jersey para practicar abortos hasta las 24 semanas de gestaci\u00f3n, llevar a cabo abortos tanto quir\u00fargicos como no quir\u00fargicos, y suministrar la p\u00edldora abortiva.<\/p><p>Nuestro laboratorio acreditado est\u00e1 en condiciones de realizar un completo abanico de pruebas diagn\u00f3sticas para determinar qu\u00e9 afecci\u00f3n padece una paciente, de manera meticulosa y precisa. En todo momento hay un anestesista titulado disponible para administrar anestesia.<\/p><p>Metropolitan Medical Associates es un centro ginecol\u00f3gico de cuidados ambulatorios con licencia estatal.<\/p><p>Aparte de los servicios de aborto, Metropolitan Medical Associates ofrece orientaci\u00f3n sobre diversas opciones de asistencia\u00a0<strong><span style=\"color: #272e4a;\"><a style=\"color: #272e4a;\" title=\"abortion services\" href=\"https:\/\/metropolitanmedicalassociates.com\/new\/abortion-services\/\">m\u00e9dica para mujeres<\/a>.<\/span><\/strong>\u00a0Consulte la amplia oferta de servicios cl\u00ednicos y quir\u00fargicos brindados por MMA.<\/p><p>MMA est\u00e1 consagrado al cuidado y la gesti\u00f3n de los problemas de salud femeninos. Nuestros gineco-obstetras certificados prestan una extensa gama de servicios m\u00e9dicos y quir\u00fargicos.<\/p>\t\t\t\t\t\t\t\t<\/div>\n\t\t\t\t<\/div>\n\t\t\t\t\t<\/div>\n\t\t<\/div>\n\t\t\t\t\t<\/div>\n\t\t<\/section>\n\t\t\t\t\t<\/div>\n\t\t<\/div>\n\t\t\t\t<div class=\"elementor-column elementor-col-50 elementor-top-column elementor-element elementor-element-9b230ab\" data-id=\"9b230ab\" data-element_type=\"column\" data-settings=\"{&quot;background_background&quot;:&quot;classic&quot;}\">\n\t\t\t<div class=\"elementor-widget-wrap elementor-element-populated\">\n\t\t\t\t\t\t<div class=\"elementor-element elementor-element-164f1e8 elementor-widget elementor-widget-spacer\" data-id=\"164f1e8\" data-element_type=\"widget\" data-widget_type=\"spacer.default\">\n\t\t\t\t<div class=\"elementor-widget-container\">\n\t\t\t\t\t\t\t<div class=\"elementor-spacer\">\n\t\t\t<div class=\"elementor-spacer-inner\"><\/div>\n\t\t<\/div>\n\t\t\t\t\t\t<\/div>\n\t\t\t\t<\/div>\n\t\t\t\t\t<\/div>\n\t\t<\/div>\n\t\t\t\t\t<\/div>\n\t\t<\/section>\n\t\t\t\t<section class=\"elementor-section elementor-top-section elementor-element elementor-element-e472ba8 elementor-section-boxed elementor-section-height-default elementor-section-height-default\" data-id=\"e472ba8\" data-element_type=\"section\">\n\t\t\t\t\t\t<div class=\"elementor-container elementor-column-gap-default\">\n\t\t\t\t\t<div class=\"elementor-column elementor-col-100 elementor-top-column elementor-element elementor-element-a2a0e96\" data-id=\"a2a0e96\" data-element_type=\"column\">\n\t\t\t<div class=\"elementor-widget-wrap elementor-element-populated\">\n\t\t\t\t\t\t<section class=\"elementor-section elementor-inner-section elementor-element elementor-element-147d10f elementor-section-boxed elementor-section-height-default elementor-section-height-default\" data-id=\"147d10f\" data-element_type=\"section\">\n\t\t\t\t\t\t<div class=\"elementor-container elementor-column-gap-default\">\n\t\t\t\t\t<div class=\"elementor-column elementor-col-100 elementor-inner-column elementor-element elementor-element-e838d42\" data-id=\"e838d42\" data-element_type=\"column\">\n\t\t\t<div class=\"elementor-widget-wrap elementor-element-populated\">\n\t\t\t\t\t\t<div class=\"elementor-element elementor-element-1d2e4dc elementor-widget elementor-widget-heading\" data-id=\"1d2e4dc\" data-element_type=\"widget\" data-widget_type=\"heading.default\">\n\t\t\t\t<div class=\"elementor-widget-container\">\n\t\t\t\t\t<h4 class=\"elementor-heading-title elementor-size-default\">ACREDITACI\u00d3N Y AFILIACIONES<\/h4>\t\t\t\t<\/div>\n\t\t\t\t<\/div>\n\t\t\t\t<div class=\"elementor-element elementor-element-6bd5d93 elementor-widget elementor-widget-text-editor\" data-id=\"6bd5d93\" data-element_type=\"widget\" data-widget_type=\"text-editor.default\">\n\t\t\t\t<div class=\"elementor-widget-container\">\n\t\t\t\t\t\t\t\t\t<p>Nuestro centro ostenta el\u00a0<a href=\"https:\/\/aol.it\/35d3ncH\" target=\"_blank\" rel=\"noreferrer noopener\" aria-label=\"AAAASF | The Gold Standard in Accreditation (opens in a new tab)\">\u00a0<span style=\"color: #272e4a;\">certificado de acreditaci\u00f3n Gold Standard de la Asociaci\u00f3n Estadounidense de Instalaciones Quir\u00fargicas Ambulatorias (AAASF)<\/span>,<\/a>en virtud del cual observamos estrictas normas y reglamentaciones fijadas por el estado de Nueva Jersey y por el Departamento de Salud y Servicios Sociales.<\/p><p>Tenemos el orgullo de pertenecer a la\u00a0 \u00a0<span style=\"color: #272e4a;\"><a style=\"color: #272e4a;\" href=\"https:\/\/prochoice.org\/\" target=\"_blank\" rel=\"noreferrer noopener\" aria-label=\"National Abortion Federation (NAF) (opens in a new tab)\">Federaci\u00f3n Nacional del Aborto (NAF).<\/a><\/span><\/p><p>Escoger Metropolitan Medical Associates garantiza recibir atenci\u00f3n profesional, individualizada y de primer nivel.<\/p>\t\t\t\t\t\t\t\t<\/div>\n\t\t\t\t<\/div>\n\t\t\t\t\t<\/div>\n\t\t<\/div>\n\t\t\t\t\t<\/div>\n\t\t<\/section>\n\t\t\t\t<section class=\"elementor-section elementor-inner-section elementor-element elementor-element-b593963 elementor-section-boxed elementor-section-height-default elementor-section-height-default\" data-id=\"b593963\" data-element_type=\"section\">\n\t\t\t\t\t\t<div class=\"elementor-container elementor-column-gap-default\">\n\t\t\t\t\t<div class=\"elementor-column elementor-col-50 elementor-inner-column elementor-element elementor-element-4d5a0f0\" data-id=\"4d5a0f0\" data-element_type=\"column\">\n\t\t\t<div class=\"elementor-widget-wrap elementor-element-populated\">\n\t\t\t\t\t\t<div class=\"elementor-element elementor-element-66c7133 elementor-widget elementor-widget-heading\" data-id=\"66c7133\" data-element_type=\"widget\" data-widget_type=\"heading.default\">\n\t\t\t\t<div class=\"elementor-widget-container\">\n\t\t\t\t\t<h4 class=\"elementor-heading-title elementor-size-default\">UBICACI\u00d3N<\/h4>\t\t\t\t<\/div>\n\t\t\t\t<\/div>\n\t\t\t\t<div class=\"elementor-element elementor-element-be2751b elementor-icon-list--layout-traditional elementor-list-item-link-full_width elementor-widget elementor-widget-icon-list\" data-id=\"be2751b\" data-element_type=\"widget\" data-widget_type=\"icon-list.default\">\n\t\t\t\t<div class=\"elementor-widget-container\">\n\t\t\t\t\t\t\t<ul class=\"elementor-icon-list-items\">\n\t\t\t\t\t\t\t<li class=\"elementor-icon-list-item\">\n\t\t\t\t\t\t\t\t\t\t\t<span class=\"elementor-icon-list-icon\">\n\t\t\t\t\t\t\t<svg aria-hidden=\"true\" class=\"e-font-icon-svg e-fas-map-marker-alt\" viewBox=\"0 0 384 512\" xmlns=\"http:\/\/www.w3.org\/2000\/svg\"><path d=\"M172.268 501.67C26.97 291.031 0 269.413 0 192 0 85.961 85.961 0 192 0s192 85.961 192 192c0 77.413-26.97 99.031-172.268 309.67-9.535 13.774-29.93 13.773-39.464 0zM192 272c44.183 0 80-35.817 80-80s-35.817-80-80-80-80 35.817-80 80 35.817 80 80 80z\"><\/path><\/svg>\t\t\t\t\t\t<\/span>\n\t\t\t\t\t\t\t\t\t\t<span class=\"elementor-icon-list-text\">40 Engle Street Englewood, NJ 07631<\/span>\n\t\t\t\t\t\t\t\t\t<\/li>\n\t\t\t\t\t\t<\/ul>\n\t\t\t\t\t\t<\/div>\n\t\t\t\t<\/div>\n\t\t\t\t<div class=\"elementor-element elementor-element-fd996fa elementor-widget elementor-widget-text-editor\" data-id=\"fd996fa\" data-element_type=\"widget\" data-widget_type=\"text-editor.default\">\n\t\t\t\t<div class=\"elementor-widget-container\">\n\t\t\t\t\t\t\t\t\t<p>A 3 millas del puente George Washington.<\/p><p>F\u00e1cilmente accesible a trav\u00e9s de la autopista de peaje de Nueva Jersey, la autov\u00eda de Garden State y las carreteras 80, 46, 17 y 4.<\/p>\t\t\t\t\t\t\t\t<\/div>\n\t\t\t\t<\/div>\n\t\t\t\t\t<\/div>\n\t\t<\/div>\n\t\t\t\t<div class=\"elementor-column elementor-col-50 elementor-inner-column elementor-element elementor-element-6482aad\" data-id=\"6482aad\" data-element_type=\"column\">\n\t\t\t<div class=\"elementor-widget-wrap elementor-element-populated\">\n\t\t\t\t\t\t<div class=\"elementor-element elementor-element-c47f679 elementor-widget elementor-widget-heading\" data-id=\"c47f679\" data-element_type=\"widget\" data-widget_type=\"heading.default\">\n\t\t\t\t<div class=\"elementor-widget-container\">\n\t\t\t\t\t<h4 class=\"elementor-heading-title elementor-size-default\">HORARIOS<\/h4>\t\t\t\t<\/div>\n\t\t\t\t<\/div>\n\t\t\t\t<div class=\"elementor-element elementor-element-3e79613 elementor-widget elementor-widget-text-editor\" data-id=\"3e79613\" data-element_type=\"widget\" data-widget_type=\"text-editor.default\">\n\t\t\t\t<div class=\"elementor-widget-container\">\n\t\t\t\t\t\t\t\t\t<p>Atenci\u00f3n telef\u00f3nica: de lunes a s\u00e1bado, desde las 8:00 AM hasta las 8:00 PM.<\/p>\t\t\t\t\t\t\t\t<\/div>\n\t\t\t\t<\/div>\n\t\t\t\t\t<\/div>\n\t\t<\/div>\n\t\t\t\t\t<\/div>\n\t\t<\/section>\n\t\t\t\t<div class=\"elementor-element elementor-element-5abc223 elementor-widget elementor-widget-spacer\" data-id=\"5abc223\" data-element_type=\"widget\" data-widget_type=\"spacer.default\">\n\t\t\t\t<div class=\"elementor-widget-container\">\n\t\t\t\t\t\t\t<div class=\"elementor-spacer\">\n\t\t\t<div class=\"elementor-spacer-inner\"><\/div>\n\t\t<\/div>\n\t\t\t\t\t\t<\/div>\n\t\t\t\t<\/div>\n\t\t\t\t\t<\/div>\n\t\t<\/div>\n\t\t\t\t\t<\/div>\n\t\t<\/section>\n\t\t\t\t<\/div>\n\t\t","protected":false},"excerpt":{"rendered":"<p>Acerca de Metropolitan Medical Associates Acerca de nosotros: Metropolitan Medical Associates NUESTRO OBJETIVO Nuestro objetivo es proporcionar cuidados m\u00e9dicos de calidad a nuestras pacientes con un respeto m\u00e1ximo por su privacidad, su dignidad y su confidencialidad. Nuestras instalaciones est\u00e1n perfectamente dotadas con el instrumental quir\u00fargico y de diagn\u00f3stico m\u00e1s avanzado, como por ejemplo nuestros equipos [&hellip;]<\/p>\n","protected":false},"author":1,"featured_media":0,"parent":0,"menu_order":0,"comment_status":"closed","ping_status":"closed","template":"","meta":{"footnotes":""},"class_list":["post-3407","page","type-page","status-publish","hentry"],"yoast_head":"<!-- This site is optimized with the Yoast SEO plugin v24.7 - https:\/\/yoast.com\/wordpress\/plugins\/seo\/ -->\n<title>Acerca de - Metropolitan Medical Associates - Metropolitan Medical Associates<\/title>\n<meta name=\"description\" content=\"About Metropolitan Medical Associates - Board Certified Gynecologists in the state of New Jersey with privileges in nearby Englewood Hospital.\" \/>\n<meta name=\"robots\" content=\"index, follow, max-snippet:-1, max-image-preview:large, max-video-preview:-1\" \/>\n<link rel=\"canonical\" href=\"https:\/\/metropolitanmedicalassociates.com\/es\/acerca-de\/\" \/>\n<meta property=\"og:locale\" content=\"es_ES\" \/>\n<meta property=\"og:type\" content=\"article\" \/>\n<meta property=\"og:title\" content=\"Acerca de - Metropolitan Medical Associates - Metropolitan Medical Associates\" \/>\n<meta property=\"og:description\" content=\"About Metropolitan Medical Associates - Board Certified Gynecologists in the state of New Jersey with privileges in nearby Englewood Hospital.\" \/>\n<meta property=\"og:url\" content=\"https:\/\/metropolitanmedicalassociates.com\/es\/acerca-de\/\" \/>\n<meta property=\"og:site_name\" content=\"Metropolitan Medical Associates\" \/>\n<meta property=\"article:modified_time\" content=\"2025-03-25T20:29:10+00:00\" \/>\n<meta name=\"twitter:card\" content=\"summary_large_image\" \/>\n<meta name=\"twitter:label1\" content=\"Est. reading time\" \/>\n\t<meta name=\"twitter:data1\" content=\"2 minutes\" \/>\n<script type=\"application\/ld+json\" class=\"yoast-schema-graph\">{\"@context\":\"https:\/\/schema.org\",\"@graph\":[{\"@type\":\"WebPage\",\"@id\":\"https:\/\/metropolitanmedicalassociates.com\/es\/acerca-de\/\",\"url\":\"https:\/\/metropolitanmedicalassociates.com\/es\/acerca-de\/\",\"name\":\"Acerca de - Metropolitan Medical Associates - Metropolitan Medical Associates\",\"isPartOf\":{\"@id\":\"https:\/\/metropolitanmedicalassociates.com\/#website\"},\"datePublished\":\"2025-03-25T20:19:16+00:00\",\"dateModified\":\"2025-03-25T20:29:10+00:00\",\"description\":\"About Metropolitan Medical Associates - Board Certified Gynecologists in the state of New Jersey with privileges in nearby Englewood Hospital.\",\"breadcrumb\":{\"@id\":\"https:\/\/metropolitanmedicalassociates.com\/es\/acerca-de\/#breadcrumb\"},\"inLanguage\":\"es-ES\",\"potentialAction\":[{\"@type\":\"ReadAction\",\"target\":[\"https:\/\/metropolitanmedicalassociates.com\/es\/acerca-de\/\"]}]},{\"@type\":\"BreadcrumbList\",\"@id\":\"https:\/\/metropolitanmedicalassociates.com\/es\/acerca-de\/#breadcrumb\",\"itemListElement\":[{\"@type\":\"ListItem\",\"position\":1,\"name\":\"Home\",\"item\":\"https:\/\/metropolitanmedicalassociates.com\/es\/\"},{\"@type\":\"ListItem\",\"position\":2,\"name\":\"Acerca de &#8211; Metropolitan Medical Associates\"}]},{\"@type\":\"WebSite\",\"@id\":\"https:\/\/metropolitanmedicalassociates.com\/#website\",\"url\":\"https:\/\/metropolitanmedicalassociates.com\/\",\"name\":\"Metropolitan Medical Associates\",\"description\":\"\",\"publisher\":{\"@id\":\"https:\/\/metropolitanmedicalassociates.com\/#organization\"},\"potentialAction\":[{\"@type\":\"SearchAction\",\"target\":{\"@type\":\"EntryPoint\",\"urlTemplate\":\"https:\/\/metropolitanmedicalassociates.com\/?s={search_term_string}\"},\"query-input\":{\"@type\":\"PropertyValueSpecification\",\"valueRequired\":true,\"valueName\":\"search_term_string\"}}],\"inLanguage\":\"es-ES\"},{\"@type\":\"Organization\",\"@id\":\"https:\/\/metropolitanmedicalassociates.com\/#organization\",\"name\":\"Metropolitan Medical Associates\",\"url\":\"https:\/\/metropolitanmedicalassociates.com\/\",\"logo\":{\"@type\":\"ImageObject\",\"inLanguage\":\"es-ES\",\"@id\":\"https:\/\/metropolitanmedicalassociates.com\/#\/schema\/logo\/image\/\",\"url\":\"https:\/\/metropolitanmedicalassociates.com\/wp-content\/uploads\/2025\/03\/cropped-cropped-MMA-logo.png\",\"contentUrl\":\"https:\/\/metropolitanmedicalassociates.com\/wp-content\/uploads\/2025\/03\/cropped-cropped-MMA-logo.png\",\"width\":512,\"height\":147,\"caption\":\"Metropolitan Medical Associates\"},\"image\":{\"@id\":\"https:\/\/metropolitanmedicalassociates.com\/#\/schema\/logo\/image\/\"}}]}<\/script>\n<!-- \/ Yoast SEO plugin. -->","yoast_head_json":{"title":"Acerca de - Metropolitan Medical Associates - Metropolitan Medical Associates","description":"About Metropolitan Medical Associates - Board Certified Gynecologists in the state of New Jersey with privileges in nearby Englewood Hospital.","robots":{"index":"index","follow":"follow","max-snippet":"max-snippet:-1","max-image-preview":"max-image-preview:large","max-video-preview":"max-video-preview:-1"},"canonical":"https:\/\/metropolitanmedicalassociates.com\/es\/acerca-de\/","og_locale":"es_ES","og_type":"article","og_title":"Acerca de - Metropolitan Medical Associates - Metropolitan Medical Associates","og_description":"About Metropolitan Medical Associates - Board Certified Gynecologists in the state of New Jersey with privileges in nearby Englewood Hospital.","og_url":"https:\/\/metropolitanmedicalassociates.com\/es\/acerca-de\/","og_site_name":"Metropolitan Medical Associates","article_modified_time":"2025-03-25T20:29:10+00:00","twitter_card":"summary_large_image","twitter_misc":{"Est. reading time":"2 minutes"},"schema":{"@context":"https:\/\/schema.org","@graph":[{"@type":"WebPage","@id":"https:\/\/metropolitanmedicalassociates.com\/es\/acerca-de\/","url":"https:\/\/metropolitanmedicalassociates.com\/es\/acerca-de\/","name":"Acerca de - Metropolitan Medical Associates - Metropolitan Medical Associates","isPartOf":{"@id":"https:\/\/metropolitanmedicalassociates.com\/#website"},"datePublished":"2025-03-25T20:19:16+00:00","dateModified":"2025-03-25T20:29:10+00:00","description":"About Metropolitan Medical Associates - Board Certified Gynecologists in the state of New Jersey with privileges in nearby Englewood Hospital.","breadcrumb":{"@id":"https:\/\/metropolitanmedicalassociates.com\/es\/acerca-de\/#breadcrumb"},"inLanguage":"es-ES","potentialAction":[{"@type":"ReadAction","target":["https:\/\/metropolitanmedicalassociates.com\/es\/acerca-de\/"]}]},{"@type":"BreadcrumbList","@id":"https:\/\/metropolitanmedicalassociates.com\/es\/acerca-de\/#breadcrumb","itemListElement":[{"@type":"ListItem","position":1,"name":"Home","item":"https:\/\/metropolitanmedicalassociates.com\/es\/"},{"@type":"ListItem","position":2,"name":"Acerca de &#8211; Metropolitan Medical Associates"}]},{"@type":"WebSite","@id":"https:\/\/metropolitanmedicalassociates.com\/#website","url":"https:\/\/metropolitanmedicalassociates.com\/","name":"Metropolitan Medical Associates","description":"","publisher":{"@id":"https:\/\/metropolitanmedicalassociates.com\/#organization"},"potentialAction":[{"@type":"SearchAction","target":{"@type":"EntryPoint","urlTemplate":"https:\/\/metropolitanmedicalassociates.com\/?s={search_term_string}"},"query-input":{"@type":"PropertyValueSpecification","valueRequired":true,"valueName":"search_term_string"}}],"inLanguage":"es-ES"},{"@type":"Organization","@id":"https:\/\/metropolitanmedicalassociates.com\/#organization","name":"Metropolitan Medical Associates","url":"https:\/\/metropolitanmedicalassociates.com\/","logo":{"@type":"ImageObject","inLanguage":"es-ES","@id":"https:\/\/metropolitanmedicalassociates.com\/#\/schema\/logo\/image\/","url":"https:\/\/metropolitanmedicalassociates.com\/wp-content\/uploads\/2025\/03\/cropped-cropped-MMA-logo.png","contentUrl":"https:\/\/metropolitanmedicalassociates.com\/wp-content\/uploads\/2025\/03\/cropped-cropped-MMA-logo.png","width":512,"height":147,"caption":"Metropolitan Medical Associates"},"image":{"@id":"https:\/\/metropolitanmedicalassociates.com\/#\/schema\/logo\/image\/"}}]}},"_links":{"self":[{"href":"https:\/\/metropolitanmedicalassociates.com\/es\/wp-json\/wp\/v2\/pages\/3407","targetHints":{"allow":["GET"]}}],"collection":[{"href":"https:\/\/metropolitanmedicalassociates.com\/es\/wp-json\/wp\/v2\/pages"}],"about":[{"href":"https:\/\/metropolitanmedicalassociates.com\/es\/wp-json\/wp\/v2\/types\/page"}],"author":[{"embeddable":true,"href":"https:\/\/metropolitanmedicalassociates.com\/es\/wp-json\/wp\/v2\/users\/1"}],"replies":[{"embeddable":true,"href":"https:\/\/metropolitanmedicalassociates.com\/es\/wp-json\/wp\/v2\/comments?post=3407"}],"version-history":[{"count":10,"href":"https:\/\/metropolitanmedicalassociates.com\/es\/wp-json\/wp\/v2\/pages\/3407\/revisions"}],"predecessor-version":[{"id":3418,"href":"https:\/\/metropolitanmedicalassociates.com\/es\/wp-json\/wp\/v2\/pages\/3407\/revisions\/3418"}],"wp:attachment":[{"href":"https:\/\/metropolitanmedicalassociates.com\/es\/wp-json\/wp\/v2\/media?parent=3407"}],"curies":[{"name":"wp","href":"https:\/\/api.w.org\/{rel}","templated":true}]}}