{"id":3433,"date":"2025-03-25T20:53:46","date_gmt":"2025-03-25T20:53:46","guid":{"rendered":"https:\/\/metropolitanmedicalassociates.com\/\/dev\/?page_id=3433"},"modified":"2025-03-26T01:42:12","modified_gmt":"2025-03-26T01:42:12","slug":"appointment","status":"publish","type":"page","link":"https:\/\/metropolitanmedicalassociates.com\/es\/appointment\/","title":{"rendered":"Appointments for abortion &#8211; Metropolitan Medical Associates"},"content":{"rendered":"\t\t<div data-elementor-type=\"wp-page\" data-elementor-id=\"3433\" class=\"elementor elementor-3433\" data-elementor-post-type=\"page\">\n\t\t\t\t\t\t<section class=\"elementor-section elementor-top-section elementor-element elementor-element-6fb1e5b elementor-section-full_width elementor-section-content-middle elementor-section-stretched elementor-section-height-default elementor-section-height-default\" data-id=\"6fb1e5b\" data-element_type=\"section\" data-settings=\"{&quot;stretch_section&quot;:&quot;section-stretched&quot;,&quot;background_background&quot;:&quot;classic&quot;}\">\n\t\t\t\t\t\t\t<div class=\"elementor-background-overlay\"><\/div>\n\t\t\t\t\t\t\t<div class=\"elementor-container elementor-column-gap-no\">\n\t\t\t\t\t<div class=\"elementor-column elementor-col-100 elementor-top-column elementor-element elementor-element-1f85d8e\" data-id=\"1f85d8e\" data-element_type=\"column\">\n\t\t\t<div class=\"elementor-widget-wrap elementor-element-populated\">\n\t\t\t\t\t\t<section class=\"elementor-section elementor-inner-section elementor-element elementor-element-a76b89a elementor-section-boxed elementor-section-height-default elementor-section-height-default\" data-id=\"a76b89a\" data-element_type=\"section\">\n\t\t\t\t\t\t<div class=\"elementor-container elementor-column-gap-default\">\n\t\t\t\t\t<div class=\"elementor-column elementor-col-100 elementor-inner-column elementor-element elementor-element-2d6edb2\" data-id=\"2d6edb2\" data-element_type=\"column\">\n\t\t\t<div class=\"elementor-widget-wrap elementor-element-populated\">\n\t\t\t\t\t\t<div class=\"elementor-element elementor-element-1b0ab52 elementor-widget elementor-widget-heading\" data-id=\"1b0ab52\" data-element_type=\"widget\" data-widget_type=\"heading.default\">\n\t\t\t\t<div class=\"elementor-widget-container\">\n\t\t\t\t\t<h2 class=\"elementor-heading-title elementor-size-default\">Appointments<\/h2>\t\t\t\t<\/div>\n\t\t\t\t<\/div>\n\t\t\t\t\t<\/div>\n\t\t<\/div>\n\t\t\t\t\t<\/div>\n\t\t<\/section>\n\t\t\t\t\t<\/div>\n\t\t<\/div>\n\t\t\t\t\t<\/div>\n\t\t<\/section>\n\t\t\t\t<section class=\"elementor-section elementor-top-section elementor-element elementor-element-e072e84 elementor-section-boxed elementor-section-height-default elementor-section-height-default\" data-id=\"e072e84\" data-element_type=\"section\">\n\t\t\t\t\t\t<div class=\"elementor-container elementor-column-gap-default\">\n\t\t\t\t\t<div class=\"elementor-column elementor-col-100 elementor-top-column elementor-element elementor-element-41f161f\" data-id=\"41f161f\" data-element_type=\"column\">\n\t\t\t<div class=\"elementor-widget-wrap elementor-element-populated\">\n\t\t\t\t\t\t<div class=\"elementor-element elementor-element-cb0828d elementor-widget elementor-widget-heading\" data-id=\"cb0828d\" data-element_type=\"widget\" data-widget_type=\"heading.default\">\n\t\t\t\t<div class=\"elementor-widget-container\">\n\t\t\t\t\t<h3 class=\"elementor-heading-title elementor-size-default\">Si desea solicitar una cita para servicios de aborto, cumplimente el siguiente formulario.<\/h3>\t\t\t\t<\/div>\n\t\t\t\t<\/div>\n\t\t\t\t<div class=\"elementor-element elementor-element-4480679 elementor-widget elementor-widget-text-editor\" data-id=\"4480679\" data-element_type=\"widget\" data-widget_type=\"text-editor.default\">\n\t\t\t\t<div class=\"elementor-widget-container\">\n\t\t\t\t\t\t\t\t\t<p>Cuando lo haya enviado, recibir\u00e1 una llamada de conformaci\u00f3n desde nuestras oficinas durante las 24 horas anteriores a la fecha de su cita.<\/p><p>Si es titular de un seguro privado o usuaria de Medicaid, deber\u00e1 facilitar toda la informaci\u00f3n requerida sobre su seguro, de manera que podamos verificar su autenticidad con anterioridad a la fecha de su cita. Con el objeto de que dispongamos de tiempo suficiente para confirmar la validez de su seguro, su cita deber\u00e1 quedar concertada al menos dos d\u00edas h\u00e1biles despu\u00e9s de la fecha de env\u00edo de la solicitud.<\/p><p><em>Por favor, sepa que todas las operaciones con tarjeta de cr\u00e9dito tendr\u00e1n un cargo adicional por transacci\u00f3n.<\/em><\/p>\t\t\t\t\t\t\t\t<\/div>\n\t\t\t\t<\/div>\n\t\t\t\t<div class=\"elementor-element elementor-element-7019bea elementor-widget elementor-widget-heading\" data-id=\"7019bea\" data-element_type=\"widget\" data-widget_type=\"heading.default\">\n\t\t\t\t<div class=\"elementor-widget-container\">\n\t\t\t\t\t<h4 class=\"elementor-heading-title elementor-size-default\">La llamaremos al n\u00famero de tel\u00e9fono que nos facilite. Aseg\u00farese de que nos proporciona un n\u00famero en el que puede recibir llamadas.<\/h4>\t\t\t\t<\/div>\n\t\t\t\t<\/div>\n\t\t\t\t<div class=\"elementor-element elementor-element-3a9ee23 elementor-widget elementor-widget-heading\" data-id=\"3a9ee23\" data-element_type=\"widget\" data-widget_type=\"heading.default\">\n\t\t\t\t<div class=\"elementor-widget-container\">\n\t\t\t\t\t<h4 class=\"elementor-heading-title elementor-size-default\">Aviso de confidencialidad\n\n<\/h4>\t\t\t\t<\/div>\n\t\t\t\t<\/div>\n\t\t\t\t<div class=\"elementor-element elementor-element-f3227c9 elementor-widget elementor-widget-text-editor\" data-id=\"f3227c9\" data-element_type=\"widget\" data-widget_type=\"text-editor.default\">\n\t\t\t\t<div class=\"elementor-widget-container\">\n\t\t\t\t\t\t\t\t\t<p>La informaci\u00f3n solicitada online no es distinta de la que se le pedir\u00e1 por tel\u00e9fono. Su informaci\u00f3n ser\u00e1 transmitida por medio de un correo electr\u00f3nico seguro y encriptado. Aunque hacemos todo lo que est\u00e1 en nuestra mano para mantener la seguridad de su informaci\u00f3n, sigue siendo posible que la informaci\u00f3n que usted proporciona pueda ser secuestrada por individuos desarrollan pr\u00e1cticas ilegales en Internet. Al proporcionar y enviar su informaci\u00f3n confidencial, usted acepta el riesgo de transmitir esta informaci\u00f3n por correo electr\u00f3nico al personal de Metropolitan Medical Associates. Cuando hace este env\u00edo por correo electr\u00f3nico, usted tambi\u00e9n se compromete a no hacer responsable a Metropolitan Medical Associates, ni tampoco a sus empleados o agentes, de cualquier da\u00f1o que usted pudiera sufrir de resultas de la transmisi\u00f3n o el uso de la mencionada informaci\u00f3n<\/p>\t\t\t\t\t\t\t\t<\/div>\n\t\t\t\t<\/div>\n\t\t\t\t<div class=\"elementor-element elementor-element-6ac574f elementor-widget elementor-widget-text-editor\" data-id=\"6ac574f\" data-element_type=\"widget\" data-widget_type=\"text-editor.default\">\n\t\t\t\t<div class=\"elementor-widget-container\">\n\t\t\t\t\t\t\t\t\t<p><strong>AVISO:<\/strong>\u00a0las usuarias no podr\u00e1n publicar ni transmitir ning\u00fan mensaje de naturaleza ofensiva ni difamatoria, o que vulnere los derechos de cualquier otra persona, muy especialmente el derecho a la privacidad en una comunicaci\u00f3n confidencial. Las usuarias no podr\u00e1n publicar o transmitir ning\u00fan mensaje, dato, imagen o programa que tenga la intenci\u00f3n de amenazar la seguridad de otras personas y\/o el efecto de lograr que una persona razonable perciba una amenaza contra su seguridad.<\/p>\t\t\t\t\t\t\t\t<\/div>\n\t\t\t\t<\/div>\n\t\t\t\t<div class=\"elementor-element elementor-element-270aeda elementor-widget elementor-widget-text-editor\" data-id=\"270aeda\" data-element_type=\"widget\" data-widget_type=\"text-editor.default\">\n\t\t\t\t<div class=\"elementor-widget-container\">\n\t\t\t\t\t\t\t\t\t<h1><strong>Pick an appointment date<\/strong><\/h1>\t\t\t\t\t\t\t\t<\/div>\n\t\t\t\t<\/div>\n\t\t\t\t\t<\/div>\n\t\t<\/div>\n\t\t\t\t\t<\/div>\n\t\t<\/section>\n\t\t\t\t<section class=\"elementor-section elementor-top-section elementor-element elementor-element-09ec160 elementor-section-boxed elementor-section-height-default elementor-section-height-default\" data-id=\"09ec160\" data-element_type=\"section\">\n\t\t\t\t\t\t<div class=\"elementor-container elementor-column-gap-default\">\n\t\t\t\t\t<div class=\"elementor-column elementor-col-100 elementor-top-column elementor-element elementor-element-0718284\" data-id=\"0718284\" data-element_type=\"column\">\n\t\t\t<div class=\"elementor-widget-wrap elementor-element-populated\">\n\t\t\t\t\t\t<div class=\"elementor-element elementor-element-c84132d elementor-widget elementor-widget-shortcode\" data-id=\"c84132d\" data-element_type=\"widget\" data-widget_type=\"shortcode.default\">\n\t\t\t\t<div class=\"elementor-widget-container\">\n\t\t\t\t\t\t\t<div class=\"elementor-shortcode\"><script type=\"text\/javascript\">\n    (function (win, fn) {\n        var done = false, top = true,\n            doc = win.document,\n            root = doc.documentElement,\n            modern = doc.addEventListener,\n            add = modern ? 'addEventListener' : 'attachEvent',\n            rem = modern ? 'removeEventListener' : 'detachEvent',\n            pre = modern ? '' : 'on',\n            init = function (e) {\n                if (e.type == 'readystatechange') if (doc.readyState != 'complete') return;\n                (e.type == 'load' ? win : doc)[rem](pre + e.type, init, false);\n                if (!done) {\n                    done = true;\n                    fn.call(win, e.type || e);\n                }\n            },\n            poll = function () {\n                try {\n                    root.doScroll('left');\n                } catch (e) {\n                    setTimeout(poll, 50);\n                    return;\n                }\n                init('poll');\n            };\n        if (doc.readyState == 'complete') fn.call(win, 'lazy');\n        else {\n            if (!modern) if (root.doScroll) {\n                try {\n                    top = !win.frameElement;\n                } catch (e) {\n                }\n                if (top) poll();\n            }\n            doc[add](pre + 'DOMContentLoaded', init, false);\n            doc[add](pre + 'readystatechange', init, false);\n            win[add](pre + 'load', init, false);\n        }\n    })(window, function () {\n        window.BooklySearchForm.showForm(\"bookly-search-form-request-appointment\", \"bookly-search-form-request-appointment-69ea6164352ed\", {\"main_color\":\"#3c839a\",\"service_card_width\":400,\"service_header_height\":99,\"staff_card_width\":260,\"hide_borders\":false,\"show_book_more\":true,\"show_qr_code\":true,\"show_calendar\":true,\"show_services_filter\":true,\"show_staff_filter\":true,\"show_staff_rating\":false,\"show_timezone\":false,\"show_receipt_on_cart\":true,\"show_receipt_on_payment\":true,\"skip_cart_step\":false,\"use_cart_local_storage\":true,\"default_service\":null,\"default_staff\":null,\"service_card_show_badge\":true,\"package_card_show_badge\":true,\"gift_card_show_badge\":true,\"services_fields_order\":[\"service\",\"duration\",\"price\",\"staff\"],\"services_fields_show\":[\"service\",\"staff\"],\"packages_fields_order\":[\"package\",\"service\",\"duration\",\"price\",\"staff\"],\"packages_fields_show\":[\"package\",\"service\",\"duration\",\"price\"],\"gift_cards_fields_order\":[\"title\",\"price\"],\"gift_cards_fields_show\":[\"title\",\"price\"],\"show_first_slot_only\":false,\"show_gift_cards\":true,\"show_add_to_calendar\":true,\"show_slot_info\":false,\"sell_services\":true,\"sell_gift_cards\":false,\"full_name_required\":true,\"first_name_required\":true,\"last_name_required\":true,\"email_required\":true,\"phone_required\":true,\"address_required\":false,\"birthday_required\":false,\"verify_credentials\":false,\"show_summary_service\":true,\"show_summary_staff\":true,\"show_summary_date\":true,\"show_summary_price\":false,\"show_blocked_slots\":false,\"hidden_services\":[],\"hidden_gift_cards\":[],\"details_fields_order\":[\"text\",\"full_name\",\"first_name\",\"last_name\",\"email\",\"phone\",\"address\",\"notes\",\"birthday\",\"custom_fields\",\"terms\",\"google_maps\"],\"details_fields_width\":{\"text\":12,\"full_name\":12,\"first_name\":6,\"last_name\":6,\"email\":6,\"phone\":6,\"google_maps\":12,\"address\":12,\"notes\":12,\"birthday\":12,\"terms\":12,\"custom_fields\":{\"19046\":12,\"19993\":12,\"21953\":12,\"41302\":12,\"53397\":12,\"60618\":12,\"78582\":12,\"83555\":12,\"88064\":12}},\"details_fields_show\":[\"text\",\"first_name\",\"last_name\",\"email\",\"phone\",\"custom_fields\"],\"cards_display_mode\":\"with_slots\",\"available_dates\":\"schedule\",\"show_services_mode\":\"no_any\",\"address\":{\"order\":[\"country\",\"state\",\"postcode\",\"city\",\"street\",\"street_number\",\"additional_address\"],\"show\":[\"country\",\"state\",\"postcode\",\"city\",\"street\",\"street_number\",\"additional_address\"],\"labels\":{\"country\":\"Country\",\"state\":\"State\\\/Region\",\"postcode\":\"Postal Code\",\"city\":\"City\",\"street\":\"Street Address\",\"street_number\":\"Street Number\",\"additional_address\":\"Additional Address\"}},\"l10n\":{\"steps\":{\"calendar\":\"Start\",\"extras\":\"Extras\",\"slots\":\"Time\",\"cart\":\"Cart\",\"details\":\"Details\",\"payment\":\"Payment\",\"done\":\"Finish\"},\"steps_descriptions\":{\"calendar\":\"Select service\",\"extras\":\"Add extras\",\"slots\":\"Select time slot\",\"cart\":\"Check cart\",\"details\":\"Your information\",\"payment\":\"Make purchase\",\"done\":\"Done\"},\"address_label\":\"Address\",\"address_placeholders\":{\"country\":\"Country\",\"state\":\"State\\\/Region\",\"postcode\":\"Postal Code\",\"city\":\"City\",\"street\":\"Street Address\",\"street_number\":\"Street Number\",\"additional_address\":\"Additional Address\"},\"notes\":\"Notes\",\"birthday\":\"Birthday\",\"staff\":\"Staff\",\"any_staff\":\"Any\",\"service\":\"Service\",\"gift_card\":\"Gift card\",\"gift_card_title\":\"Gift card\",\"date\":\"Date\",\"time\":\"Time\",\"price\":\"Price\",\"next\":\"Next\",\"back\":\"Back\",\"select_service\":\"Select service\",\"select_staff\":\"Pick One\",\"book_now\":\"Book now\",\"buy_now\":\"Buy now\",\"book_more\":\"Book more\",\"close\":\"Close\",\"full_name\":\"Full name\",\"full_name_error_required\":\"Required\",\"first_name\":\"First name\",\"first_name_error_required\":\"Required\",\"last_name\":\"Last name\",\"last_name_error_required\":\"Required\",\"email\":\"Email\",\"email_error_required\":\"Required\",\"phone\":\"Phone\",\"phone_error_required\":\"Required\",\"address_field_required\":\"Required\",\"birthday_error_required\":\"Required\",\"no_slots\":\"No time slots available\",\"slot_not_available\":\"Slot already booked\",\"no_results\":\"No results found\",\"nop\":\"Number of persons\",\"booking_success\":\"Thank you!\",\"booking_error\":\"Oops!\",\"booking_completed\":\"Your booking is complete. For questions, call (201) 429-9748. We look forward to seeing you soon.\",\"gift_card_booking_completed\":\"Your gift card has been created.\",\"processing\":\"Your payment has been accepted for processing.\",\"group_skip_payment\":\"Payment has been skipped.\",\"payment_impossible\":\"No payment methods available. Please contact service provider.\",\"appointments_limit_reached\":\"You are trying to use the service too often. Please contact us to make a booking.\",\"terms_text\":\"I agree to the terms of service\",\"text_calendar\":\"Please select a service\",\"text_extras\":\"Select the Extras you'd like (Multiple Selection)\",\"text_slots\":\"Click on a time slot to proceed with booking\",\"text_details\":\"Please provide your details in the form below to proceed with the booking\",\"text_payment\":\"Please tell us how you would like to pay\",\"gift_card_label\":\"Gift card\",\"gift_card_button\":\"Apply\",\"gift_card_text\":\"Your gift card code if you have one\",\"gift_card_expired\":\"This gift card has expired\",\"gift_card_invalid\":\"This gift card cannot be used for the current order\",\"gift_card_low_balance\":\"Gift card balance is not enough\",\"gift_card_not_found\":\"Gift card not found\",\"timezone\":\"Your time zone\",\"select_city\":\"Select city\",\"add_to_calendar\":\"Add to calendar\",\"total\":\"Total\",\"sub_total\":\"Subtotal\",\"discount\":\"Discount\",\"to_pay\":\"Amount to pay\",\"verify_code\":\"Verification code\",\"verify_email\":\"Enter verification code from email\",\"verify_phone\":\"Enter verification code from SMS\",\"verify_resend\":\"Resend code\",\"verify_apply\":\"Apply\",\"verify_code_incorrect\":\"Incorrect verification code\",\"cart_item_not_available\":\"The selected time is not available anymore\"},\"type\":\"search-form\",\"categories_any\":false,\"services_any\":false,\"staff_any\":false,\"name\":\"request-appointment\",\"custom_css\":\"\",\"token\":\"request-appointment\"});\n    });\n    var ajaxurl = \"https:\/\/metropolitanmedicalassociates.com\/wp-admin\/admin-ajax.php?lang=es\";\n<\/script>\n<style>\n    .bookly-search-form-request-appointment-69ea6164352ed {\n        --bookly-color: #3c839a;\n    }\n\n    :root {\n        --bookly-flags-url: url(https:\/\/metropolitanmedicalassociates.com\/wp-content\/plugins\/bookly-responsive-appointment-booking-tool\/frontend\/resources\/images\/flags.png);\n        --bookly-flags2x-url: url(https:\/\/metropolitanmedicalassociates.com\/wp-content\/plugins\/bookly-responsive-appointment-booking-tool\/frontend\/resources\/images\/flags@2x.png);\n        --rtl-phone-align: left;\n    }\n<\/style>\n<div id=\"bookly-search-form-request-appointment-69ea6164352ed\" class=\"bookly-search-form-container bookly-search-form-request-appointment-69ea6164352ed\"><\/div><\/div>\n\t\t\t\t\t\t<\/div>\n\t\t\t\t<\/div>\n\t\t\t\t\t<\/div>\n\t\t<\/div>\n\t\t\t\t\t<\/div>\n\t\t<\/section>\n\t\t\t\t<\/div>\n\t\t","protected":false},"excerpt":{"rendered":"<p>Appointments Si desea solicitar una cita para servicios de aborto, cumplimente el siguiente formulario. Cuando lo haya enviado, recibir\u00e1 una llamada de conformaci\u00f3n desde nuestras oficinas durante las 24 horas anteriores a la fecha de su cita. Si es titular de un seguro privado o usuaria de Medicaid, deber\u00e1 facilitar toda la informaci\u00f3n requerida sobre [&hellip;]<\/p>\n","protected":false},"author":1,"featured_media":0,"parent":0,"menu_order":0,"comment_status":"closed","ping_status":"closed","template":"","meta":{"footnotes":""},"class_list":["post-3433","page","type-page","status-publish","hentry"],"yoast_head":"<!-- This site is optimized with the Yoast SEO plugin v24.7 - https:\/\/yoast.com\/wordpress\/plugins\/seo\/ -->\n<title>Appointments for abortion - Metropolitan Medical Associates - Metropolitan Medical Associates<\/title>\n<meta name=\"description\" content=\"Si desea solicitar una cita para servicios de aborto, cumplimente el siguiente formulario.\" \/>\n<meta name=\"robots\" content=\"index, follow, max-snippet:-1, max-image-preview:large, max-video-preview:-1\" \/>\n<link rel=\"canonical\" href=\"https:\/\/metropolitanmedicalassociates.com\/es\/appointment\/\" \/>\n<meta property=\"og:locale\" content=\"es_ES\" \/>\n<meta property=\"og:type\" content=\"article\" \/>\n<meta property=\"og:title\" content=\"Appointments for abortion - Metropolitan Medical Associates - Metropolitan Medical Associates\" \/>\n<meta property=\"og:description\" content=\"Si desea solicitar una cita para servicios de aborto, cumplimente el siguiente formulario.\" \/>\n<meta property=\"og:url\" content=\"https:\/\/metropolitanmedicalassociates.com\/es\/appointment\/\" \/>\n<meta property=\"og:site_name\" content=\"Metropolitan Medical Associates\" \/>\n<meta property=\"article:modified_time\" content=\"2025-03-26T01:42:12+00:00\" \/>\n<meta name=\"twitter:card\" content=\"summary_large_image\" \/>\n<meta name=\"twitter:label1\" content=\"Est. reading time\" \/>\n\t<meta name=\"twitter:data1\" content=\"2 minutes\" \/>\n<script type=\"application\/ld+json\" class=\"yoast-schema-graph\">{\"@context\":\"https:\/\/schema.org\",\"@graph\":[{\"@type\":\"WebPage\",\"@id\":\"https:\/\/metropolitanmedicalassociates.com\/es\/appointment\/\",\"url\":\"https:\/\/metropolitanmedicalassociates.com\/es\/appointment\/\",\"name\":\"Appointments for abortion - Metropolitan Medical Associates - Metropolitan Medical Associates\",\"isPartOf\":{\"@id\":\"https:\/\/metropolitanmedicalassociates.com\/#website\"},\"datePublished\":\"2025-03-25T20:53:46+00:00\",\"dateModified\":\"2025-03-26T01:42:12+00:00\",\"description\":\"Si desea solicitar una cita para servicios de aborto, cumplimente el siguiente formulario.\",\"breadcrumb\":{\"@id\":\"https:\/\/metropolitanmedicalassociates.com\/es\/appointment\/#breadcrumb\"},\"inLanguage\":\"es-ES\",\"potentialAction\":[{\"@type\":\"ReadAction\",\"target\":[\"https:\/\/metropolitanmedicalassociates.com\/es\/appointment\/\"]}]},{\"@type\":\"BreadcrumbList\",\"@id\":\"https:\/\/metropolitanmedicalassociates.com\/es\/appointment\/#breadcrumb\",\"itemListElement\":[{\"@type\":\"ListItem\",\"position\":1,\"name\":\"Home\",\"item\":\"https:\/\/metropolitanmedicalassociates.com\/es\/\"},{\"@type\":\"ListItem\",\"position\":2,\"name\":\"Appointments for abortion &#8211; Metropolitan Medical Associates\"}]},{\"@type\":\"WebSite\",\"@id\":\"https:\/\/metropolitanmedicalassociates.com\/#website\",\"url\":\"https:\/\/metropolitanmedicalassociates.com\/\",\"name\":\"Metropolitan Medical Associates\",\"description\":\"\",\"publisher\":{\"@id\":\"https:\/\/metropolitanmedicalassociates.com\/#organization\"},\"potentialAction\":[{\"@type\":\"SearchAction\",\"target\":{\"@type\":\"EntryPoint\",\"urlTemplate\":\"https:\/\/metropolitanmedicalassociates.com\/?s={search_term_string}\"},\"query-input\":{\"@type\":\"PropertyValueSpecification\",\"valueRequired\":true,\"valueName\":\"search_term_string\"}}],\"inLanguage\":\"es-ES\"},{\"@type\":\"Organization\",\"@id\":\"https:\/\/metropolitanmedicalassociates.com\/#organization\",\"name\":\"Metropolitan Medical Associates\",\"url\":\"https:\/\/metropolitanmedicalassociates.com\/\",\"logo\":{\"@type\":\"ImageObject\",\"inLanguage\":\"es-ES\",\"@id\":\"https:\/\/metropolitanmedicalassociates.com\/#\/schema\/logo\/image\/\",\"url\":\"https:\/\/metropolitanmedicalassociates.com\/wp-content\/uploads\/2025\/03\/cropped-cropped-MMA-logo.png\",\"contentUrl\":\"https:\/\/metropolitanmedicalassociates.com\/wp-content\/uploads\/2025\/03\/cropped-cropped-MMA-logo.png\",\"width\":512,\"height\":147,\"caption\":\"Metropolitan Medical Associates\"},\"image\":{\"@id\":\"https:\/\/metropolitanmedicalassociates.com\/#\/schema\/logo\/image\/\"}}]}<\/script>\n<!-- \/ Yoast SEO plugin. -->","yoast_head_json":{"title":"Appointments for abortion - Metropolitan Medical Associates - Metropolitan Medical Associates","description":"Si desea solicitar una cita para servicios de aborto, cumplimente el siguiente formulario.","robots":{"index":"index","follow":"follow","max-snippet":"max-snippet:-1","max-image-preview":"max-image-preview:large","max-video-preview":"max-video-preview:-1"},"canonical":"https:\/\/metropolitanmedicalassociates.com\/es\/appointment\/","og_locale":"es_ES","og_type":"article","og_title":"Appointments for abortion - Metropolitan Medical Associates - Metropolitan Medical Associates","og_description":"Si desea solicitar una cita para servicios de aborto, cumplimente el siguiente formulario.","og_url":"https:\/\/metropolitanmedicalassociates.com\/es\/appointment\/","og_site_name":"Metropolitan Medical Associates","article_modified_time":"2025-03-26T01:42:12+00:00","twitter_card":"summary_large_image","twitter_misc":{"Est. reading time":"2 minutes"},"schema":{"@context":"https:\/\/schema.org","@graph":[{"@type":"WebPage","@id":"https:\/\/metropolitanmedicalassociates.com\/es\/appointment\/","url":"https:\/\/metropolitanmedicalassociates.com\/es\/appointment\/","name":"Appointments for abortion - Metropolitan Medical Associates - Metropolitan Medical Associates","isPartOf":{"@id":"https:\/\/metropolitanmedicalassociates.com\/#website"},"datePublished":"2025-03-25T20:53:46+00:00","dateModified":"2025-03-26T01:42:12+00:00","description":"Si desea solicitar una cita para servicios de aborto, cumplimente el siguiente formulario.","breadcrumb":{"@id":"https:\/\/metropolitanmedicalassociates.com\/es\/appointment\/#breadcrumb"},"inLanguage":"es-ES","potentialAction":[{"@type":"ReadAction","target":["https:\/\/metropolitanmedicalassociates.com\/es\/appointment\/"]}]},{"@type":"BreadcrumbList","@id":"https:\/\/metropolitanmedicalassociates.com\/es\/appointment\/#breadcrumb","itemListElement":[{"@type":"ListItem","position":1,"name":"Home","item":"https:\/\/metropolitanmedicalassociates.com\/es\/"},{"@type":"ListItem","position":2,"name":"Appointments for abortion &#8211; Metropolitan Medical Associates"}]},{"@type":"WebSite","@id":"https:\/\/metropolitanmedicalassociates.com\/#website","url":"https:\/\/metropolitanmedicalassociates.com\/","name":"Metropolitan Medical Associates","description":"","publisher":{"@id":"https:\/\/metropolitanmedicalassociates.com\/#organization"},"potentialAction":[{"@type":"SearchAction","target":{"@type":"EntryPoint","urlTemplate":"https:\/\/metropolitanmedicalassociates.com\/?s={search_term_string}"},"query-input":{"@type":"PropertyValueSpecification","valueRequired":true,"valueName":"search_term_string"}}],"inLanguage":"es-ES"},{"@type":"Organization","@id":"https:\/\/metropolitanmedicalassociates.com\/#organization","name":"Metropolitan Medical Associates","url":"https:\/\/metropolitanmedicalassociates.com\/","logo":{"@type":"ImageObject","inLanguage":"es-ES","@id":"https:\/\/metropolitanmedicalassociates.com\/#\/schema\/logo\/image\/","url":"https:\/\/metropolitanmedicalassociates.com\/wp-content\/uploads\/2025\/03\/cropped-cropped-MMA-logo.png","contentUrl":"https:\/\/metropolitanmedicalassociates.com\/wp-content\/uploads\/2025\/03\/cropped-cropped-MMA-logo.png","width":512,"height":147,"caption":"Metropolitan Medical Associates"},"image":{"@id":"https:\/\/metropolitanmedicalassociates.com\/#\/schema\/logo\/image\/"}}]}},"_links":{"self":[{"href":"https:\/\/metropolitanmedicalassociates.com\/es\/wp-json\/wp\/v2\/pages\/3433","targetHints":{"allow":["GET"]}}],"collection":[{"href":"https:\/\/metropolitanmedicalassociates.com\/es\/wp-json\/wp\/v2\/pages"}],"about":[{"href":"https:\/\/metropolitanmedicalassociates.com\/es\/wp-json\/wp\/v2\/types\/page"}],"author":[{"embeddable":true,"href":"https:\/\/metropolitanmedicalassociates.com\/es\/wp-json\/wp\/v2\/users\/1"}],"replies":[{"embeddable":true,"href":"https:\/\/metropolitanmedicalassociates.com\/es\/wp-json\/wp\/v2\/comments?post=3433"}],"version-history":[{"count":14,"href":"https:\/\/metropolitanmedicalassociates.com\/es\/wp-json\/wp\/v2\/pages\/3433\/revisions"}],"predecessor-version":[{"id":3547,"href":"https:\/\/metropolitanmedicalassociates.com\/es\/wp-json\/wp\/v2\/pages\/3433\/revisions\/3547"}],"wp:attachment":[{"href":"https:\/\/metropolitanmedicalassociates.com\/es\/wp-json\/wp\/v2\/media?parent=3433"}],"curies":[{"name":"wp","href":"https:\/\/api.w.org\/{rel}","templated":true}]}}