{"id":3458,"date":"2025-03-25T21:06:43","date_gmt":"2025-03-25T21:06:43","guid":{"rendered":"https:\/\/metropolitanmedicalassociates.com\/\/dev\/?page_id=3458"},"modified":"2025-03-25T21:16:27","modified_gmt":"2025-03-25T21:16:27","slug":"por-que-elegirnos","status":"publish","type":"page","link":"https:\/\/metropolitanmedicalassociates.com\/es\/toma-de-decisiones\/por-que-elegirnos\/","title":{"rendered":"Por Qu\u00e9 Elegirnos &#8211; Metropolitan Medical Associates"},"content":{"rendered":"\t\t<div data-elementor-type=\"wp-page\" data-elementor-id=\"3458\" class=\"elementor elementor-3458\" data-elementor-post-type=\"page\">\n\t\t\t\t\t\t<section class=\"elementor-section elementor-top-section elementor-element elementor-element-6fb1e5b elementor-section-full_width elementor-section-content-middle elementor-section-stretched elementor-section-height-default elementor-section-height-default\" data-id=\"6fb1e5b\" data-element_type=\"section\" data-settings=\"{&quot;stretch_section&quot;:&quot;section-stretched&quot;,&quot;background_background&quot;:&quot;classic&quot;}\">\n\t\t\t\t\t\t\t<div class=\"elementor-background-overlay\"><\/div>\n\t\t\t\t\t\t\t<div class=\"elementor-container elementor-column-gap-no\">\n\t\t\t\t\t<div class=\"elementor-column elementor-col-100 elementor-top-column elementor-element elementor-element-1f85d8e\" data-id=\"1f85d8e\" data-element_type=\"column\">\n\t\t\t<div class=\"elementor-widget-wrap elementor-element-populated\">\n\t\t\t\t\t\t<section class=\"elementor-section elementor-inner-section elementor-element elementor-element-a76b89a elementor-section-boxed elementor-section-height-default elementor-section-height-default\" data-id=\"a76b89a\" data-element_type=\"section\">\n\t\t\t\t\t\t<div class=\"elementor-container elementor-column-gap-default\">\n\t\t\t\t\t<div class=\"elementor-column elementor-col-100 elementor-inner-column elementor-element elementor-element-2d6edb2\" data-id=\"2d6edb2\" data-element_type=\"column\">\n\t\t\t<div class=\"elementor-widget-wrap elementor-element-populated\">\n\t\t\t\t\t\t<div class=\"elementor-element elementor-element-1b0ab52 elementor-widget elementor-widget-heading\" data-id=\"1b0ab52\" data-element_type=\"widget\" data-widget_type=\"heading.default\">\n\t\t\t\t<div class=\"elementor-widget-container\">\n\t\t\t\t\t<h2 class=\"elementor-heading-title elementor-size-default\">Por Qu\u00e9 Elegirnos<\/h2>\t\t\t\t<\/div>\n\t\t\t\t<\/div>\n\t\t\t\t\t<\/div>\n\t\t<\/div>\n\t\t\t\t\t<\/div>\n\t\t<\/section>\n\t\t\t\t\t<\/div>\n\t\t<\/div>\n\t\t\t\t\t<\/div>\n\t\t<\/section>\n\t\t\t\t<section class=\"elementor-section elementor-top-section elementor-element elementor-element-e072e84 elementor-section-boxed elementor-section-height-default elementor-section-height-default\" data-id=\"e072e84\" data-element_type=\"section\">\n\t\t\t\t\t\t<div class=\"elementor-container elementor-column-gap-default\">\n\t\t\t\t\t<div class=\"elementor-column elementor-col-50 elementor-top-column elementor-element elementor-element-41f161f\" data-id=\"41f161f\" data-element_type=\"column\">\n\t\t\t<div class=\"elementor-widget-wrap elementor-element-populated\">\n\t\t\t\t\t\t<div class=\"elementor-element elementor-element-cb0828d elementor-widget elementor-widget-heading\" data-id=\"cb0828d\" data-element_type=\"widget\" data-widget_type=\"heading.default\">\n\t\t\t\t<div class=\"elementor-widget-container\">\n\t\t\t\t\t<h2 class=\"elementor-heading-title elementor-size-default\">Por Qu\u00e9 Elegirnos\n<\/h2>\t\t\t\t<\/div>\n\t\t\t\t<\/div>\n\t\t\t\t<div class=\"elementor-element elementor-element-434edc7 elementor-widget elementor-widget-text-editor\" data-id=\"434edc7\" data-element_type=\"widget\" data-widget_type=\"text-editor.default\">\n\t\t\t\t<div class=\"elementor-widget-container\">\n\t\t\t\t\t\t\t\t\t<p><em><strong>Para nosotros es importante que entienda con claridad qu\u00e9 nos diferencia de otros proveedores de servicios de aborto y por qu\u00e9 la gran mayor\u00eda de mujeres nos elige.<\/strong><\/em><\/p>\t\t\t\t\t\t\t\t<\/div>\n\t\t\t\t<\/div>\n\t\t\t\t<div class=\"elementor-element elementor-element-fbb6249 elementor-widget elementor-widget-heading\" data-id=\"fbb6249\" data-element_type=\"widget\" data-widget_type=\"heading.default\">\n\t\t\t\t<div class=\"elementor-widget-container\">\n\t\t\t\t\t<h4 class=\"elementor-heading-title elementor-size-default\">Atenci\u00f3n segura e individualizada\n\n\n\n\n<\/h4>\t\t\t\t<\/div>\n\t\t\t\t<\/div>\n\t\t\t\t<div class=\"elementor-element elementor-element-4480679 elementor-widget elementor-widget-text-editor\" data-id=\"4480679\" data-element_type=\"widget\" data-widget_type=\"text-editor.default\">\n\t\t\t\t<div class=\"elementor-widget-container\">\n\t\t\t\t\t\t\t\t\t<p>Proporcionamos servicios de aborto y asistencia m\u00e9dica de calidad para mujeres en un centro quir\u00fargico con licencia estatal. Usted recibir\u00e1 un tratamiento confidencial y seguro para abortar, siempre en un ambiente comprensivo.<\/p><p>Previa petici\u00f3n, una anestesista estar\u00e1 a su lado en la sala de intervenciones junto al m\u00e9dico y a una enfermera.<\/p>\t\t\t\t\t\t\t\t<\/div>\n\t\t\t\t<\/div>\n\t\t\t\t<section class=\"elementor-section elementor-inner-section elementor-element elementor-element-0545b91 elementor-section-boxed elementor-section-height-default elementor-section-height-default\" data-id=\"0545b91\" data-element_type=\"section\">\n\t\t\t\t\t\t<div class=\"elementor-container elementor-column-gap-default\">\n\t\t\t\t\t<div class=\"elementor-column elementor-col-100 elementor-inner-column elementor-element elementor-element-87f9c98\" data-id=\"87f9c98\" data-element_type=\"column\">\n\t\t\t<div class=\"elementor-widget-wrap elementor-element-populated\">\n\t\t\t\t\t\t<div class=\"elementor-element elementor-element-bbe2a5b elementor-widget elementor-widget-heading\" data-id=\"bbe2a5b\" data-element_type=\"widget\" data-widget_type=\"heading.default\">\n\t\t\t\t<div class=\"elementor-widget-container\">\n\t\t\t\t\t<h4 class=\"elementor-heading-title elementor-size-default\">Servicio de p\u00edldora abortiva y asistencia 24\/7\n\n\n<\/h4>\t\t\t\t<\/div>\n\t\t\t\t<\/div>\n\t\t\t\t<div class=\"elementor-element elementor-element-f3227c9 elementor-widget elementor-widget-text-editor\" data-id=\"f3227c9\" data-element_type=\"widget\" data-widget_type=\"text-editor.default\">\n\t\t\t\t<div class=\"elementor-widget-container\">\n\t\t\t\t\t\t\t\t\t<p>Muchos otros proveedores de servicios de aborto (tambi\u00e9n a trav\u00e9s de Internet) puede recetarle la p\u00edldora abortiva, pero la diferencia es que NO PROPORCIONAN una atenci\u00f3n integral 24\/7 de su personal m\u00e9dico en caso de producirse un efecto perjudicial o una emergencia.<\/p><p>En Metropolitan Medical Associates brindamos un servicio ininterrumpido gracias a los m\u00e9dicos gineco-obstetras m\u00e1s experimentados y eminentes del estado de Nueva Jersey.<\/p><p>Asimismo, le ofrecemos una completa atenci\u00f3n continuada durante su procedimiento con la p\u00edldora abortiva. Usted podr\u00e1 visitarnos cuando le resulte conveniente para realizarle un seguimiento m\u00e9dico.<\/p>\t\t\t\t\t\t\t\t<\/div>\n\t\t\t\t<\/div>\n\t\t\t\t\t<\/div>\n\t\t<\/div>\n\t\t\t\t\t<\/div>\n\t\t<\/section>\n\t\t\t\t\t<\/div>\n\t\t<\/div>\n\t\t\t\t<div class=\"elementor-column elementor-col-50 elementor-top-column elementor-element elementor-element-9b230ab\" data-id=\"9b230ab\" data-element_type=\"column\" data-settings=\"{&quot;background_background&quot;:&quot;classic&quot;}\">\n\t\t\t<div class=\"elementor-widget-wrap elementor-element-populated\">\n\t\t\t\t\t\t<div class=\"elementor-element elementor-element-164f1e8 elementor-widget elementor-widget-spacer\" data-id=\"164f1e8\" data-element_type=\"widget\" data-widget_type=\"spacer.default\">\n\t\t\t\t<div class=\"elementor-widget-container\">\n\t\t\t\t\t\t\t<div class=\"elementor-spacer\">\n\t\t\t<div class=\"elementor-spacer-inner\"><\/div>\n\t\t<\/div>\n\t\t\t\t\t\t<\/div>\n\t\t\t\t<\/div>\n\t\t\t\t\t<\/div>\n\t\t<\/div>\n\t\t\t\t\t<\/div>\n\t\t<\/section>\n\t\t\t\t<section class=\"elementor-section elementor-top-section elementor-element elementor-element-e472ba8 elementor-section-boxed elementor-section-height-default elementor-section-height-default\" data-id=\"e472ba8\" data-element_type=\"section\">\n\t\t\t\t\t\t<div class=\"elementor-container elementor-column-gap-default\">\n\t\t\t\t\t<div class=\"elementor-column elementor-col-100 elementor-top-column elementor-element elementor-element-a2a0e96\" data-id=\"a2a0e96\" data-element_type=\"column\">\n\t\t\t<div class=\"elementor-widget-wrap elementor-element-populated\">\n\t\t\t\t\t\t<section class=\"elementor-section elementor-inner-section elementor-element elementor-element-147d10f elementor-section-boxed elementor-section-height-default elementor-section-height-default\" data-id=\"147d10f\" data-element_type=\"section\">\n\t\t\t\t\t\t<div class=\"elementor-container elementor-column-gap-default\">\n\t\t\t\t\t<div class=\"elementor-column elementor-col-100 elementor-inner-column elementor-element elementor-element-e838d42\" data-id=\"e838d42\" data-element_type=\"column\">\n\t\t\t<div class=\"elementor-widget-wrap elementor-element-populated\">\n\t\t\t\t\t\t<div class=\"elementor-element elementor-element-1d2e4dc elementor-widget elementor-widget-heading\" data-id=\"1d2e4dc\" data-element_type=\"widget\" data-widget_type=\"heading.default\">\n\t\t\t\t<div class=\"elementor-widget-container\">\n\t\t\t\t\t<h4 class=\"elementor-heading-title elementor-size-default\">Legislaci\u00f3n sobre el aborto en el estado de Nueva Jersey\n\n\n<\/h4>\t\t\t\t<\/div>\n\t\t\t\t<\/div>\n\t\t\t\t<div class=\"elementor-element elementor-element-6bd5d93 elementor-widget elementor-widget-text-editor\" data-id=\"6bd5d93\" data-element_type=\"widget\" data-widget_type=\"text-editor.default\">\n\t\t\t\t<div class=\"elementor-widget-container\">\n\t\t\t\t\t\t\t\t\t<p>El estado de Nueva Jersey no exige la autorizaci\u00f3n parental ni establece un tiempo de espera de 24 horas previo a la realizaci\u00f3n del aborto.<\/p><p>En Metropolitan Medical Associates hemos recibido y atendido a muchas mujeres residentes en Pensilvania que han acudido a nosotros en busca de servicios de aborto libres de restricciones.<\/p>\t\t\t\t\t\t\t\t<\/div>\n\t\t\t\t<\/div>\n\t\t\t\t\t<\/div>\n\t\t<\/div>\n\t\t\t\t\t<\/div>\n\t\t<\/section>\n\t\t\t\t<section class=\"elementor-section elementor-inner-section elementor-element elementor-element-b593963 elementor-section-boxed elementor-section-height-default elementor-section-height-default\" data-id=\"b593963\" data-element_type=\"section\">\n\t\t\t\t\t\t<div class=\"elementor-container elementor-column-gap-default\">\n\t\t\t\t\t<div class=\"elementor-column elementor-col-100 elementor-inner-column elementor-element elementor-element-78f6292\" data-id=\"78f6292\" data-element_type=\"column\">\n\t\t\t<div class=\"elementor-widget-wrap elementor-element-populated\">\n\t\t\t\t\t\t<div class=\"elementor-element elementor-element-40cb5a2 elementor-widget elementor-widget-heading\" data-id=\"40cb5a2\" data-element_type=\"widget\" data-widget_type=\"heading.default\">\n\t\t\t\t<div class=\"elementor-widget-container\">\n\t\t\t\t\t<h4 class=\"elementor-heading-title elementor-size-default\">M\u00e9dicos cualificados con d\u00e9cadas de experiencia\n<\/h4>\t\t\t\t<\/div>\n\t\t\t\t<\/div>\n\t\t\t\t<div class=\"elementor-element elementor-element-3227da1 elementor-widget elementor-widget-text-editor\" data-id=\"3227da1\" data-element_type=\"widget\" data-widget_type=\"text-editor.default\">\n\t\t\t\t<div class=\"elementor-widget-container\">\n\t\t\t\t\t\t\t\t\t<p>Todos nuestros ginec\u00f3logos obstetras certificados est\u00e1n asociados al Hospital de Englewood y acumulan a\u00f1os de experiencia brindando servicios de aborto de manera segura y reconfortante.<\/p>\t\t\t\t\t\t\t\t<\/div>\n\t\t\t\t<\/div>\n\t\t\t\t\t<\/div>\n\t\t<\/div>\n\t\t\t\t\t<\/div>\n\t\t<\/section>\n\t\t\t\t<section class=\"elementor-section elementor-inner-section elementor-element elementor-element-2d010b5 elementor-section-boxed elementor-section-height-default elementor-section-height-default\" data-id=\"2d010b5\" data-element_type=\"section\">\n\t\t\t\t\t\t<div class=\"elementor-container elementor-column-gap-default\">\n\t\t\t\t\t<div class=\"elementor-column elementor-col-100 elementor-inner-column elementor-element elementor-element-bab288e\" data-id=\"bab288e\" data-element_type=\"column\">\n\t\t\t<div class=\"elementor-widget-wrap elementor-element-populated\">\n\t\t\t\t\t\t<div class=\"elementor-element elementor-element-a41f2c1 elementor-widget elementor-widget-heading\" data-id=\"a41f2c1\" data-element_type=\"widget\" data-widget_type=\"heading.default\">\n\t\t\t\t<div class=\"elementor-widget-container\">\n\t\t\t\t\t<h4 class=\"elementor-heading-title elementor-size-default\">Un personal muy valorado\n\n<\/h4>\t\t\t\t<\/div>\n\t\t\t\t<\/div>\n\t\t\t\t<div class=\"elementor-element elementor-element-a644537 elementor-widget elementor-widget-text-editor\" data-id=\"a644537\" data-element_type=\"widget\" data-widget_type=\"text-editor.default\">\n\t\t\t\t<div class=\"elementor-widget-container\">\n\t\t\t\t\t\t\t\t\t<p>Tanto nuestros anestesistas como nuestras experimentadas enfermeras y el personal de orientaci\u00f3n estar\u00e1n a su disposici\u00f3n para dar respuesta a sus preguntas, as\u00ed como para debatir en privado cualquier preocupaci\u00f3n que usted pueda albergar.<\/p><p>Somos reconocidos por proporcionar servicios de aborto en una atm\u00f3sfera c\u00e1lida y segura. Acogemos y tratamos a TODAS nuestras pacientes con una ATENCI\u00d3N PERSONALIZADA.<\/p><p>Llame a nuestro centro para informarse y descubra por qu\u00e9 debe elegir Metropolitan Medical Associates.<\/p>\t\t\t\t\t\t\t\t<\/div>\n\t\t\t\t<\/div>\n\t\t\t\t\t<\/div>\n\t\t<\/div>\n\t\t\t\t\t<\/div>\n\t\t<\/section>\n\t\t\t\t<div class=\"elementor-element elementor-element-5abc223 elementor-widget elementor-widget-spacer\" data-id=\"5abc223\" data-element_type=\"widget\" data-widget_type=\"spacer.default\">\n\t\t\t\t<div class=\"elementor-widget-container\">\n\t\t\t\t\t\t\t<div class=\"elementor-spacer\">\n\t\t\t<div class=\"elementor-spacer-inner\"><\/div>\n\t\t<\/div>\n\t\t\t\t\t\t<\/div>\n\t\t\t\t<\/div>\n\t\t\t\t\t<\/div>\n\t\t<\/div>\n\t\t\t\t\t<\/div>\n\t\t<\/section>\n\t\t\t\t<\/div>\n\t\t","protected":false},"excerpt":{"rendered":"<p>Por Qu\u00e9 Elegirnos Por Qu\u00e9 Elegirnos Para nosotros es importante que entienda con claridad qu\u00e9 nos diferencia de otros proveedores de servicios de aborto y por qu\u00e9 la gran mayor\u00eda de mujeres nos elige. Atenci\u00f3n segura e individualizada Proporcionamos servicios de aborto y asistencia m\u00e9dica de calidad para mujeres en un centro quir\u00fargico con licencia [&hellip;]<\/p>\n","protected":false},"author":1,"featured_media":0,"parent":3444,"menu_order":0,"comment_status":"closed","ping_status":"closed","template":"","meta":{"footnotes":""},"class_list":["post-3458","page","type-page","status-publish","hentry"],"yoast_head":"<!-- This site is optimized with the Yoast SEO plugin v24.7 - https:\/\/yoast.com\/wordpress\/plugins\/seo\/ -->\n<title>Por Qu\u00e9 Elegirnos - Metropolitan Medical Associates - Metropolitan Medical Associates<\/title>\n<meta name=\"robots\" content=\"index, follow, max-snippet:-1, max-image-preview:large, max-video-preview:-1\" \/>\n<link rel=\"canonical\" href=\"https:\/\/metropolitanmedicalassociates.com\/es\/toma-de-decisiones\/por-que-elegirnos\/\" \/>\n<meta property=\"og:locale\" content=\"es_ES\" \/>\n<meta property=\"og:type\" content=\"article\" \/>\n<meta property=\"og:title\" content=\"Por Qu\u00e9 Elegirnos - Metropolitan Medical Associates - Metropolitan Medical Associates\" \/>\n<meta property=\"og:description\" content=\"Por Qu\u00e9 Elegirnos Por Qu\u00e9 Elegirnos Para nosotros es importante que entienda con claridad qu\u00e9 nos diferencia de otros proveedores de servicios de aborto y por qu\u00e9 la gran mayor\u00eda de mujeres nos elige. Atenci\u00f3n segura e individualizada Proporcionamos servicios de aborto y asistencia m\u00e9dica de calidad para mujeres en un centro quir\u00fargico con licencia [&hellip;]\" \/>\n<meta property=\"og:url\" content=\"https:\/\/metropolitanmedicalassociates.com\/es\/toma-de-decisiones\/por-que-elegirnos\/\" \/>\n<meta property=\"og:site_name\" content=\"Metropolitan Medical Associates\" \/>\n<meta property=\"article:modified_time\" content=\"2025-03-25T21:16:27+00:00\" \/>\n<meta name=\"twitter:card\" content=\"summary_large_image\" \/>\n<meta name=\"twitter:label1\" content=\"Est. reading time\" \/>\n\t<meta name=\"twitter:data1\" content=\"2 minutes\" \/>\n<script type=\"application\/ld+json\" class=\"yoast-schema-graph\">{\"@context\":\"https:\/\/schema.org\",\"@graph\":[{\"@type\":\"WebPage\",\"@id\":\"https:\/\/metropolitanmedicalassociates.com\/es\/toma-de-decisiones\/por-que-elegirnos\/\",\"url\":\"https:\/\/metropolitanmedicalassociates.com\/es\/toma-de-decisiones\/por-que-elegirnos\/\",\"name\":\"Por Qu\u00e9 Elegirnos - Metropolitan Medical Associates - Metropolitan Medical Associates\",\"isPartOf\":{\"@id\":\"https:\/\/metropolitanmedicalassociates.com\/#website\"},\"datePublished\":\"2025-03-25T21:06:43+00:00\",\"dateModified\":\"2025-03-25T21:16:27+00:00\",\"breadcrumb\":{\"@id\":\"https:\/\/metropolitanmedicalassociates.com\/es\/toma-de-decisiones\/por-que-elegirnos\/#breadcrumb\"},\"inLanguage\":\"es-ES\",\"potentialAction\":[{\"@type\":\"ReadAction\",\"target\":[\"https:\/\/metropolitanmedicalassociates.com\/es\/toma-de-decisiones\/por-que-elegirnos\/\"]}]},{\"@type\":\"BreadcrumbList\",\"@id\":\"https:\/\/metropolitanmedicalassociates.com\/es\/toma-de-decisiones\/por-que-elegirnos\/#breadcrumb\",\"itemListElement\":[{\"@type\":\"ListItem\",\"position\":1,\"name\":\"Home\",\"item\":\"https:\/\/metropolitanmedicalassociates.com\/es\/\"},{\"@type\":\"ListItem\",\"position\":2,\"name\":\"TOMA DE DECISIONES &#8211; Metropolitan Medical Associates\",\"item\":\"https:\/\/metropolitanmedicalassociates.com\/es\/toma-de-decisiones\/\"},{\"@type\":\"ListItem\",\"position\":3,\"name\":\"Por Qu\u00e9 Elegirnos &#8211; Metropolitan Medical Associates\"}]},{\"@type\":\"WebSite\",\"@id\":\"https:\/\/metropolitanmedicalassociates.com\/#website\",\"url\":\"https:\/\/metropolitanmedicalassociates.com\/\",\"name\":\"Metropolitan Medical Associates\",\"description\":\"\",\"publisher\":{\"@id\":\"https:\/\/metropolitanmedicalassociates.com\/#organization\"},\"potentialAction\":[{\"@type\":\"SearchAction\",\"target\":{\"@type\":\"EntryPoint\",\"urlTemplate\":\"https:\/\/metropolitanmedicalassociates.com\/?s={search_term_string}\"},\"query-input\":{\"@type\":\"PropertyValueSpecification\",\"valueRequired\":true,\"valueName\":\"search_term_string\"}}],\"inLanguage\":\"es-ES\"},{\"@type\":\"Organization\",\"@id\":\"https:\/\/metropolitanmedicalassociates.com\/#organization\",\"name\":\"Metropolitan Medical Associates\",\"url\":\"https:\/\/metropolitanmedicalassociates.com\/\",\"logo\":{\"@type\":\"ImageObject\",\"inLanguage\":\"es-ES\",\"@id\":\"https:\/\/metropolitanmedicalassociates.com\/#\/schema\/logo\/image\/\",\"url\":\"https:\/\/metropolitanmedicalassociates.com\/wp-content\/uploads\/2025\/03\/cropped-cropped-MMA-logo.png\",\"contentUrl\":\"https:\/\/metropolitanmedicalassociates.com\/wp-content\/uploads\/2025\/03\/cropped-cropped-MMA-logo.png\",\"width\":512,\"height\":147,\"caption\":\"Metropolitan Medical Associates\"},\"image\":{\"@id\":\"https:\/\/metropolitanmedicalassociates.com\/#\/schema\/logo\/image\/\"}}]}<\/script>\n<!-- \/ Yoast SEO plugin. -->","yoast_head_json":{"title":"Por Qu\u00e9 Elegirnos - Metropolitan Medical Associates - Metropolitan Medical Associates","robots":{"index":"index","follow":"follow","max-snippet":"max-snippet:-1","max-image-preview":"max-image-preview:large","max-video-preview":"max-video-preview:-1"},"canonical":"https:\/\/metropolitanmedicalassociates.com\/es\/toma-de-decisiones\/por-que-elegirnos\/","og_locale":"es_ES","og_type":"article","og_title":"Por Qu\u00e9 Elegirnos - Metropolitan Medical Associates - Metropolitan Medical Associates","og_description":"Por Qu\u00e9 Elegirnos Por Qu\u00e9 Elegirnos Para nosotros es importante que entienda con claridad qu\u00e9 nos diferencia de otros proveedores de servicios de aborto y por qu\u00e9 la gran mayor\u00eda de mujeres nos elige. Atenci\u00f3n segura e individualizada Proporcionamos servicios de aborto y asistencia m\u00e9dica de calidad para mujeres en un centro quir\u00fargico con licencia [&hellip;]","og_url":"https:\/\/metropolitanmedicalassociates.com\/es\/toma-de-decisiones\/por-que-elegirnos\/","og_site_name":"Metropolitan Medical Associates","article_modified_time":"2025-03-25T21:16:27+00:00","twitter_card":"summary_large_image","twitter_misc":{"Est. reading time":"2 minutes"},"schema":{"@context":"https:\/\/schema.org","@graph":[{"@type":"WebPage","@id":"https:\/\/metropolitanmedicalassociates.com\/es\/toma-de-decisiones\/por-que-elegirnos\/","url":"https:\/\/metropolitanmedicalassociates.com\/es\/toma-de-decisiones\/por-que-elegirnos\/","name":"Por Qu\u00e9 Elegirnos - Metropolitan Medical Associates - Metropolitan Medical Associates","isPartOf":{"@id":"https:\/\/metropolitanmedicalassociates.com\/#website"},"datePublished":"2025-03-25T21:06:43+00:00","dateModified":"2025-03-25T21:16:27+00:00","breadcrumb":{"@id":"https:\/\/metropolitanmedicalassociates.com\/es\/toma-de-decisiones\/por-que-elegirnos\/#breadcrumb"},"inLanguage":"es-ES","potentialAction":[{"@type":"ReadAction","target":["https:\/\/metropolitanmedicalassociates.com\/es\/toma-de-decisiones\/por-que-elegirnos\/"]}]},{"@type":"BreadcrumbList","@id":"https:\/\/metropolitanmedicalassociates.com\/es\/toma-de-decisiones\/por-que-elegirnos\/#breadcrumb","itemListElement":[{"@type":"ListItem","position":1,"name":"Home","item":"https:\/\/metropolitanmedicalassociates.com\/es\/"},{"@type":"ListItem","position":2,"name":"TOMA DE DECISIONES &#8211; Metropolitan Medical Associates","item":"https:\/\/metropolitanmedicalassociates.com\/es\/toma-de-decisiones\/"},{"@type":"ListItem","position":3,"name":"Por Qu\u00e9 Elegirnos &#8211; Metropolitan Medical Associates"}]},{"@type":"WebSite","@id":"https:\/\/metropolitanmedicalassociates.com\/#website","url":"https:\/\/metropolitanmedicalassociates.com\/","name":"Metropolitan Medical Associates","description":"","publisher":{"@id":"https:\/\/metropolitanmedicalassociates.com\/#organization"},"potentialAction":[{"@type":"SearchAction","target":{"@type":"EntryPoint","urlTemplate":"https:\/\/metropolitanmedicalassociates.com\/?s={search_term_string}"},"query-input":{"@type":"PropertyValueSpecification","valueRequired":true,"valueName":"search_term_string"}}],"inLanguage":"es-ES"},{"@type":"Organization","@id":"https:\/\/metropolitanmedicalassociates.com\/#organization","name":"Metropolitan Medical Associates","url":"https:\/\/metropolitanmedicalassociates.com\/","logo":{"@type":"ImageObject","inLanguage":"es-ES","@id":"https:\/\/metropolitanmedicalassociates.com\/#\/schema\/logo\/image\/","url":"https:\/\/metropolitanmedicalassociates.com\/wp-content\/uploads\/2025\/03\/cropped-cropped-MMA-logo.png","contentUrl":"https:\/\/metropolitanmedicalassociates.com\/wp-content\/uploads\/2025\/03\/cropped-cropped-MMA-logo.png","width":512,"height":147,"caption":"Metropolitan Medical Associates"},"image":{"@id":"https:\/\/metropolitanmedicalassociates.com\/#\/schema\/logo\/image\/"}}]}},"_links":{"self":[{"href":"https:\/\/metropolitanmedicalassociates.com\/es\/wp-json\/wp\/v2\/pages\/3458","targetHints":{"allow":["GET"]}}],"collection":[{"href":"https:\/\/metropolitanmedicalassociates.com\/es\/wp-json\/wp\/v2\/pages"}],"about":[{"href":"https:\/\/metropolitanmedicalassociates.com\/es\/wp-json\/wp\/v2\/types\/page"}],"author":[{"embeddable":true,"href":"https:\/\/metropolitanmedicalassociates.com\/es\/wp-json\/wp\/v2\/users\/1"}],"replies":[{"embeddable":true,"href":"https:\/\/metropolitanmedicalassociates.com\/es\/wp-json\/wp\/v2\/comments?post=3458"}],"version-history":[{"count":8,"href":"https:\/\/metropolitanmedicalassociates.com\/es\/wp-json\/wp\/v2\/pages\/3458\/revisions"}],"predecessor-version":[{"id":3467,"href":"https:\/\/metropolitanmedicalassociates.com\/es\/wp-json\/wp\/v2\/pages\/3458\/revisions\/3467"}],"up":[{"embeddable":true,"href":"https:\/\/metropolitanmedicalassociates.com\/es\/wp-json\/wp\/v2\/pages\/3444"}],"wp:attachment":[{"href":"https:\/\/metropolitanmedicalassociates.com\/es\/wp-json\/wp\/v2\/media?parent=3458"}],"curies":[{"name":"wp","href":"https:\/\/api.w.org\/{rel}","templated":true}]}}