{"id":3468,"date":"2025-03-25T21:17:34","date_gmt":"2025-03-25T21:17:34","guid":{"rendered":"https:\/\/metropolitanmedicalassociates.com\/\/dev\/?page_id=3468"},"modified":"2025-03-25T21:24:12","modified_gmt":"2025-03-25T21:24:12","slug":"como-preparar","status":"publish","type":"page","link":"https:\/\/metropolitanmedicalassociates.com\/es\/como-preparar\/","title":{"rendered":"C\u00f3mo preparar &#8211; Metropolitan Medical Associates"},"content":{"rendered":"\t\t<div data-elementor-type=\"wp-page\" data-elementor-id=\"3468\" class=\"elementor elementor-3468\" data-elementor-post-type=\"page\">\n\t\t\t\t\t\t<section class=\"elementor-section elementor-top-section elementor-element elementor-element-6fb1e5b elementor-section-full_width elementor-section-content-middle elementor-section-stretched elementor-section-height-default elementor-section-height-default\" data-id=\"6fb1e5b\" data-element_type=\"section\" data-settings=\"{&quot;stretch_section&quot;:&quot;section-stretched&quot;,&quot;background_background&quot;:&quot;classic&quot;}\">\n\t\t\t\t\t\t\t<div class=\"elementor-background-overlay\"><\/div>\n\t\t\t\t\t\t\t<div class=\"elementor-container elementor-column-gap-no\">\n\t\t\t\t\t<div class=\"elementor-column elementor-col-100 elementor-top-column elementor-element elementor-element-1f85d8e\" data-id=\"1f85d8e\" data-element_type=\"column\">\n\t\t\t<div class=\"elementor-widget-wrap elementor-element-populated\">\n\t\t\t\t\t\t<section class=\"elementor-section elementor-inner-section elementor-element elementor-element-a76b89a elementor-section-boxed elementor-section-height-default elementor-section-height-default\" data-id=\"a76b89a\" data-element_type=\"section\">\n\t\t\t\t\t\t<div class=\"elementor-container elementor-column-gap-default\">\n\t\t\t\t\t<div class=\"elementor-column elementor-col-100 elementor-inner-column elementor-element elementor-element-2d6edb2\" data-id=\"2d6edb2\" data-element_type=\"column\">\n\t\t\t<div class=\"elementor-widget-wrap elementor-element-populated\">\n\t\t\t\t\t\t<div class=\"elementor-element elementor-element-1b0ab52 elementor-widget elementor-widget-heading\" data-id=\"1b0ab52\" data-element_type=\"widget\" data-widget_type=\"heading.default\">\n\t\t\t\t<div class=\"elementor-widget-container\">\n\t\t\t\t\t<h2 class=\"elementor-heading-title elementor-size-default\">C\u00f3mo preparar<\/h2>\t\t\t\t<\/div>\n\t\t\t\t<\/div>\n\t\t\t\t\t<\/div>\n\t\t<\/div>\n\t\t\t\t\t<\/div>\n\t\t<\/section>\n\t\t\t\t\t<\/div>\n\t\t<\/div>\n\t\t\t\t\t<\/div>\n\t\t<\/section>\n\t\t\t\t<section class=\"elementor-section elementor-top-section elementor-element elementor-element-e072e84 elementor-section-boxed elementor-section-height-default elementor-section-height-default\" data-id=\"e072e84\" data-element_type=\"section\">\n\t\t\t\t\t\t<div class=\"elementor-container elementor-column-gap-default\">\n\t\t\t\t\t<div class=\"elementor-column elementor-col-100 elementor-top-column elementor-element elementor-element-41f161f\" data-id=\"41f161f\" data-element_type=\"column\">\n\t\t\t<div class=\"elementor-widget-wrap elementor-element-populated\">\n\t\t\t\t\t\t<div class=\"elementor-element elementor-element-cb0828d elementor-widget elementor-widget-heading\" data-id=\"cb0828d\" data-element_type=\"widget\" data-widget_type=\"heading.default\">\n\t\t\t\t<div class=\"elementor-widget-container\">\n\t\t\t\t\t<h2 class=\"elementor-heading-title elementor-size-default\">Hemos preparado una lista de consejos para prepararse de cara a su cita en nuestro centro.<\/h2>\t\t\t\t<\/div>\n\t\t\t\t<\/div>\n\t\t\t\t<div class=\"elementor-element elementor-element-4480679 elementor-widget elementor-widget-text-editor\" data-id=\"4480679\" data-element_type=\"widget\" data-widget_type=\"text-editor.default\">\n\t\t\t\t<div class=\"elementor-widget-container\">\n\t\t\t\t\t\t\t\t\t<p>En Metropolitan Medical Associates sabemos que las pacientes bien informadas se muestran m\u00e1s relajadas y confiadas en su toma de decisiones.<\/p><p>Para su comodidad,\u00a0<strong>contamos con asesoras telef\u00f3nicas a su disposici\u00f3n de lunes a s\u00e1bado, desde las 8:00 AM hasta las 6:00 PM,\u00a0<\/strong>que responder\u00e1n sus preguntas y concertar\u00e1n su cita.<\/p>\t\t\t\t\t\t\t\t<\/div>\n\t\t\t\t<\/div>\n\t\t\t\t<div class=\"elementor-element elementor-element-bbe2a5b elementor-widget elementor-widget-heading\" data-id=\"bbe2a5b\" data-element_type=\"widget\" data-widget_type=\"heading.default\">\n\t\t\t\t<div class=\"elementor-widget-container\">\n\t\t\t\t\t<h4 class=\"elementor-heading-title elementor-size-default\">C\u00f3mo prepararse para un aborto no quir\u00fargico (p\u00edldora abortiva)<\/h4>\t\t\t\t<\/div>\n\t\t\t\t<\/div>\n\t\t\t\t<div class=\"elementor-element elementor-element-6bd5d93 elementor-widget elementor-widget-text-editor\" data-id=\"6bd5d93\" data-element_type=\"widget\" data-widget_type=\"text-editor.default\">\n\t\t\t\t<div class=\"elementor-widget-container\">\n\t\t\t\t\t\t\t\t\t<ol><li>No ingiera alimentos ni bebidas desde la medianoche anterior a su cita..<\/li><li><p>Necesitar\u00e1 que alguien la lleve de regreso a casa. Si va a afrontar un aborto m\u00e9dico (con p\u00edldora abortiva), puede venir sola.<\/p><\/li><li><p>Por favor, llegue a nuestro centro entre las 8:00 AM y las 11:00 AM los martes, jueves y s\u00e1bados.<\/p><\/li><li>Todos los cargos deben estar pagados el d\u00eda del procedimiento.<ul><li><p>Aceptamos dinero en met\u00e1lico, tarjetas de cr\u00e9dito y todos los seguros.<\/p><\/li><li><p>Si tiene previsto utilizar su seguro, llame antes a nuestras recepcionistas para verificar su cobertura y para enviarle algunos documentos antes de su visita.<\/p><\/li><\/ul><\/li><\/ol>\t\t\t\t\t\t\t\t<\/div>\n\t\t\t\t<\/div>\n\t\t\t\t\t<\/div>\n\t\t<\/div>\n\t\t\t\t\t<\/div>\n\t\t<\/section>\n\t\t\t\t<section class=\"elementor-section elementor-top-section elementor-element elementor-element-e472ba8 elementor-section-boxed elementor-section-height-default elementor-section-height-default\" data-id=\"e472ba8\" data-element_type=\"section\">\n\t\t\t\t\t\t<div class=\"elementor-container elementor-column-gap-default\">\n\t\t\t\t\t<div class=\"elementor-column elementor-col-100 elementor-top-column elementor-element elementor-element-a2a0e96\" data-id=\"a2a0e96\" data-element_type=\"column\">\n\t\t\t<div class=\"elementor-widget-wrap elementor-element-populated\">\n\t\t\t\t\t\t<div class=\"elementor-element elementor-element-2b2ae91 elementor-widget elementor-widget-heading\" data-id=\"2b2ae91\" data-element_type=\"widget\" data-widget_type=\"heading.default\">\n\t\t\t\t<div class=\"elementor-widget-container\">\n\t\t\t\t\t<h4 class=\"elementor-heading-title elementor-size-default\">C\u00f3mo prepararse para un aborto quir\u00fargico<\/h4>\t\t\t\t<\/div>\n\t\t\t\t<\/div>\n\t\t\t\t<div class=\"elementor-element elementor-element-f3227c9 elementor-widget elementor-widget-text-editor\" data-id=\"f3227c9\" data-element_type=\"widget\" data-widget_type=\"text-editor.default\">\n\t\t\t\t<div class=\"elementor-widget-container\">\n\t\t\t\t\t\t\t\t\t<ol><li>No ingiera alimentos ni bebidas desde la medianoche anterior a su cita. Esto incluye el agua, la goma de mascar o los caramelos de menta.<\/li><li><p>Acuda al centro sin joyas ni objetos de valor.<\/p><\/li><li><p>Haga que alguien le acerque hasta nuestras instalaciones. Esta persona deber\u00e1 esperarle o bien regresar para llevarla a casa una vez recibida el alta m\u00e9dica.<\/p><\/li><li><p>Por favor, no acuda con ni\u00f1os a nuestro centro<\/p><\/li><li>Si no le va a resultar posible acudir a su cita, ll\u00e1menos para concertarla de nuevo<\/li><li>Vista prendas c\u00f3modas.<\/li><li>Traiga o vista un par de calcetines.<\/li><\/ol>\t\t\t\t\t\t\t\t<\/div>\n\t\t\t\t<\/div>\n\t\t\t\t<div class=\"elementor-element elementor-element-fc5f72a elementor-widget elementor-widget-heading\" data-id=\"fc5f72a\" data-element_type=\"widget\" data-widget_type=\"heading.default\">\n\t\t\t\t<div class=\"elementor-widget-container\">\n\t\t\t\t\t<h4 class=\"elementor-heading-title elementor-size-default\">Por favor, lea las siguientes Notificaciones para pacientes \u201cantes\u201d de su cita para realizar el aborto.<\/h4>\t\t\t\t<\/div>\n\t\t\t\t<\/div>\n\t\t\t\t<div class=\"elementor-element elementor-element-53ff24f elementor-widget elementor-widget-text-editor\" data-id=\"53ff24f\" data-element_type=\"widget\" data-widget_type=\"text-editor.default\">\n\t\t\t\t<div class=\"elementor-widget-container\">\n\t\t\t\t\t\t\t\t\t<p><strong>Los siguientes documentos son textos de lectura obligada en el estado de Nueva Jersey. Por favor, acceda a ellos y l\u00e9alos detenidamente.<\/strong><\/p>\t\t\t\t\t\t\t\t<\/div>\n\t\t\t\t<\/div>\n\t\t\t\t<div class=\"elementor-element elementor-element-3e1953b elementor-widget elementor-widget-text-editor\" data-id=\"3e1953b\" data-element_type=\"widget\" data-widget_type=\"text-editor.default\">\n\t\t\t\t<div class=\"elementor-widget-container\">\n\t\t\t\t\t\t\t\t\t<ul><li><strong><span style=\"color: #272e4a;\"><a style=\"color: #272e4a;\" href=\"https:\/\/metropolitanmedicalassociates.com\/\/wp-content\/uploads\/2025\/03\/Ownership-Disclosure-Notification.pdf\" target=\"_blank\" rel=\"noreferrer noopener\" aria-label=\"Ownership Disclosure Notification (opens in a new tab)\">Notificaci\u00f3n sobre revelaci\u00f3n de la propiedad<\/a><\/span><\/strong>\u00a0\u2013\u00a0S\u00f3lo lectura<\/li><li><a href=\"https:\/\/metropolitanmedicalassociates.com\/\/wp-content\/uploads\/2025\/03\/Patient-Rights-2011.pdf\" target=\"_blank\" rel=\"noreferrer noopener\" aria-label=\"Patient Rights (opens in a new tab)\"><strong><span style=\"color: #272e4a;\">Derechos de los pacientes<\/span><\/strong><\/a>\u00a0\u2013 S\u00f3lo lectura<\/li><li><strong><span style=\"color: #272e4a;\"><a style=\"color: #272e4a;\" href=\"https:\/\/metropolitanmedicalassociates.com\/\/wp-content\/uploads\/2025\/03\/Notification-Advanced_Directive.pdf\" target=\"_blank\" rel=\"noreferrer noopener\" aria-label=\" (opens in a new tab)\">Instrucci\u00f3n anticipada<\/a><\/span><\/strong>\u00a0\u2013 La instrucci\u00f3n anticipada o testamento vital es un documento que refleja sus deseos sobre la asistencia m\u00e9dica en el caso de que no sea capaz de tomar decisiones por s\u00ed misma.Si ya cuenta con una instrucci\u00f3n anticipada, por favor traiga una copia a su cita.Enlace a la instrucci\u00f3n anticipada \u2013 Cuestiones generales y respuestas sobre la instrucci\u00f3n anticipada. C\u00f3mo cumplimentar una si todav\u00eda no dispone de ella.<\/li><\/ul>\t\t\t\t\t\t\t\t<\/div>\n\t\t\t\t<\/div>\n\t\t\t\t<div class=\"elementor-element elementor-element-5abc223 elementor-widget elementor-widget-spacer\" data-id=\"5abc223\" data-element_type=\"widget\" data-widget_type=\"spacer.default\">\n\t\t\t\t<div class=\"elementor-widget-container\">\n\t\t\t\t\t\t\t<div class=\"elementor-spacer\">\n\t\t\t<div class=\"elementor-spacer-inner\"><\/div>\n\t\t<\/div>\n\t\t\t\t\t\t<\/div>\n\t\t\t\t<\/div>\n\t\t\t\t\t<\/div>\n\t\t<\/div>\n\t\t\t\t\t<\/div>\n\t\t<\/section>\n\t\t\t\t<\/div>\n\t\t","protected":false},"excerpt":{"rendered":"<p>C\u00f3mo preparar Hemos preparado una lista de consejos para prepararse de cara a su cita en nuestro centro. En Metropolitan Medical Associates sabemos que las pacientes bien informadas se muestran m\u00e1s relajadas y confiadas en su toma de decisiones. Para su comodidad,\u00a0contamos con asesoras telef\u00f3nicas a su disposici\u00f3n de lunes a s\u00e1bado, desde las 8:00 [&hellip;]<\/p>\n","protected":false},"author":1,"featured_media":0,"parent":0,"menu_order":0,"comment_status":"closed","ping_status":"closed","template":"","meta":{"footnotes":""},"class_list":["post-3468","page","type-page","status-publish","hentry"],"yoast_head":"<!-- This site is optimized with the Yoast SEO plugin v24.7 - https:\/\/yoast.com\/wordpress\/plugins\/seo\/ -->\n<title>C\u00f3mo preparar - Metropolitan Medical Associates - Metropolitan Medical Associates<\/title>\n<meta name=\"description\" content=\"How To Prepare for your abortion appointment whether it&amp;s for a non-surgical Abortion Pill and Surgical Abortion. Read Patient Notifications.\" \/>\n<meta name=\"robots\" content=\"index, follow, max-snippet:-1, max-image-preview:large, max-video-preview:-1\" \/>\n<link rel=\"canonical\" href=\"https:\/\/metropolitanmedicalassociates.com\/es\/como-preparar\/\" \/>\n<meta property=\"og:locale\" content=\"es_ES\" \/>\n<meta property=\"og:type\" content=\"article\" \/>\n<meta property=\"og:title\" content=\"C\u00f3mo preparar - Metropolitan Medical Associates - Metropolitan Medical Associates\" \/>\n<meta property=\"og:description\" content=\"How To Prepare for your abortion appointment whether it&amp;s for a non-surgical Abortion Pill and Surgical Abortion. Read Patient Notifications.\" \/>\n<meta property=\"og:url\" content=\"https:\/\/metropolitanmedicalassociates.com\/es\/como-preparar\/\" \/>\n<meta property=\"og:site_name\" content=\"Metropolitan Medical Associates\" \/>\n<meta property=\"article:modified_time\" content=\"2025-03-25T21:24:12+00:00\" \/>\n<meta name=\"twitter:card\" content=\"summary_large_image\" \/>\n<meta name=\"twitter:label1\" content=\"Est. reading time\" \/>\n\t<meta name=\"twitter:data1\" content=\"2 minutes\" \/>\n<script type=\"application\/ld+json\" class=\"yoast-schema-graph\">{\"@context\":\"https:\/\/schema.org\",\"@graph\":[{\"@type\":\"WebPage\",\"@id\":\"https:\/\/metropolitanmedicalassociates.com\/es\/como-preparar\/\",\"url\":\"https:\/\/metropolitanmedicalassociates.com\/es\/como-preparar\/\",\"name\":\"C\u00f3mo preparar - Metropolitan Medical Associates - Metropolitan Medical Associates\",\"isPartOf\":{\"@id\":\"https:\/\/metropolitanmedicalassociates.com\/#website\"},\"datePublished\":\"2025-03-25T21:17:34+00:00\",\"dateModified\":\"2025-03-25T21:24:12+00:00\",\"description\":\"How To Prepare for your abortion appointment whether it&s for a non-surgical Abortion Pill and Surgical Abortion. Read Patient Notifications.\",\"breadcrumb\":{\"@id\":\"https:\/\/metropolitanmedicalassociates.com\/es\/como-preparar\/#breadcrumb\"},\"inLanguage\":\"es-ES\",\"potentialAction\":[{\"@type\":\"ReadAction\",\"target\":[\"https:\/\/metropolitanmedicalassociates.com\/es\/como-preparar\/\"]}]},{\"@type\":\"BreadcrumbList\",\"@id\":\"https:\/\/metropolitanmedicalassociates.com\/es\/como-preparar\/#breadcrumb\",\"itemListElement\":[{\"@type\":\"ListItem\",\"position\":1,\"name\":\"Home\",\"item\":\"https:\/\/metropolitanmedicalassociates.com\/es\/\"},{\"@type\":\"ListItem\",\"position\":2,\"name\":\"C\u00f3mo preparar &#8211; Metropolitan Medical Associates\"}]},{\"@type\":\"WebSite\",\"@id\":\"https:\/\/metropolitanmedicalassociates.com\/#website\",\"url\":\"https:\/\/metropolitanmedicalassociates.com\/\",\"name\":\"Metropolitan Medical Associates\",\"description\":\"\",\"publisher\":{\"@id\":\"https:\/\/metropolitanmedicalassociates.com\/#organization\"},\"potentialAction\":[{\"@type\":\"SearchAction\",\"target\":{\"@type\":\"EntryPoint\",\"urlTemplate\":\"https:\/\/metropolitanmedicalassociates.com\/?s={search_term_string}\"},\"query-input\":{\"@type\":\"PropertyValueSpecification\",\"valueRequired\":true,\"valueName\":\"search_term_string\"}}],\"inLanguage\":\"es-ES\"},{\"@type\":\"Organization\",\"@id\":\"https:\/\/metropolitanmedicalassociates.com\/#organization\",\"name\":\"Metropolitan Medical Associates\",\"url\":\"https:\/\/metropolitanmedicalassociates.com\/\",\"logo\":{\"@type\":\"ImageObject\",\"inLanguage\":\"es-ES\",\"@id\":\"https:\/\/metropolitanmedicalassociates.com\/#\/schema\/logo\/image\/\",\"url\":\"https:\/\/metropolitanmedicalassociates.com\/wp-content\/uploads\/2025\/03\/cropped-cropped-MMA-logo.png\",\"contentUrl\":\"https:\/\/metropolitanmedicalassociates.com\/wp-content\/uploads\/2025\/03\/cropped-cropped-MMA-logo.png\",\"width\":512,\"height\":147,\"caption\":\"Metropolitan Medical Associates\"},\"image\":{\"@id\":\"https:\/\/metropolitanmedicalassociates.com\/#\/schema\/logo\/image\/\"}}]}<\/script>\n<!-- \/ Yoast SEO plugin. -->","yoast_head_json":{"title":"C\u00f3mo preparar - Metropolitan Medical Associates - Metropolitan Medical Associates","description":"How To Prepare for your abortion appointment whether it&s for a non-surgical Abortion Pill and Surgical Abortion. Read Patient Notifications.","robots":{"index":"index","follow":"follow","max-snippet":"max-snippet:-1","max-image-preview":"max-image-preview:large","max-video-preview":"max-video-preview:-1"},"canonical":"https:\/\/metropolitanmedicalassociates.com\/es\/como-preparar\/","og_locale":"es_ES","og_type":"article","og_title":"C\u00f3mo preparar - Metropolitan Medical Associates - Metropolitan Medical Associates","og_description":"How To Prepare for your abortion appointment whether it&s for a non-surgical Abortion Pill and Surgical Abortion. Read Patient Notifications.","og_url":"https:\/\/metropolitanmedicalassociates.com\/es\/como-preparar\/","og_site_name":"Metropolitan Medical Associates","article_modified_time":"2025-03-25T21:24:12+00:00","twitter_card":"summary_large_image","twitter_misc":{"Est. reading time":"2 minutes"},"schema":{"@context":"https:\/\/schema.org","@graph":[{"@type":"WebPage","@id":"https:\/\/metropolitanmedicalassociates.com\/es\/como-preparar\/","url":"https:\/\/metropolitanmedicalassociates.com\/es\/como-preparar\/","name":"C\u00f3mo preparar - Metropolitan Medical Associates - Metropolitan Medical Associates","isPartOf":{"@id":"https:\/\/metropolitanmedicalassociates.com\/#website"},"datePublished":"2025-03-25T21:17:34+00:00","dateModified":"2025-03-25T21:24:12+00:00","description":"How To Prepare for your abortion appointment whether it&s for a non-surgical Abortion Pill and Surgical Abortion. Read Patient Notifications.","breadcrumb":{"@id":"https:\/\/metropolitanmedicalassociates.com\/es\/como-preparar\/#breadcrumb"},"inLanguage":"es-ES","potentialAction":[{"@type":"ReadAction","target":["https:\/\/metropolitanmedicalassociates.com\/es\/como-preparar\/"]}]},{"@type":"BreadcrumbList","@id":"https:\/\/metropolitanmedicalassociates.com\/es\/como-preparar\/#breadcrumb","itemListElement":[{"@type":"ListItem","position":1,"name":"Home","item":"https:\/\/metropolitanmedicalassociates.com\/es\/"},{"@type":"ListItem","position":2,"name":"C\u00f3mo preparar &#8211; Metropolitan Medical Associates"}]},{"@type":"WebSite","@id":"https:\/\/metropolitanmedicalassociates.com\/#website","url":"https:\/\/metropolitanmedicalassociates.com\/","name":"Metropolitan Medical Associates","description":"","publisher":{"@id":"https:\/\/metropolitanmedicalassociates.com\/#organization"},"potentialAction":[{"@type":"SearchAction","target":{"@type":"EntryPoint","urlTemplate":"https:\/\/metropolitanmedicalassociates.com\/?s={search_term_string}"},"query-input":{"@type":"PropertyValueSpecification","valueRequired":true,"valueName":"search_term_string"}}],"inLanguage":"es-ES"},{"@type":"Organization","@id":"https:\/\/metropolitanmedicalassociates.com\/#organization","name":"Metropolitan Medical Associates","url":"https:\/\/metropolitanmedicalassociates.com\/","logo":{"@type":"ImageObject","inLanguage":"es-ES","@id":"https:\/\/metropolitanmedicalassociates.com\/#\/schema\/logo\/image\/","url":"https:\/\/metropolitanmedicalassociates.com\/wp-content\/uploads\/2025\/03\/cropped-cropped-MMA-logo.png","contentUrl":"https:\/\/metropolitanmedicalassociates.com\/wp-content\/uploads\/2025\/03\/cropped-cropped-MMA-logo.png","width":512,"height":147,"caption":"Metropolitan Medical Associates"},"image":{"@id":"https:\/\/metropolitanmedicalassociates.com\/#\/schema\/logo\/image\/"}}]}},"_links":{"self":[{"href":"https:\/\/metropolitanmedicalassociates.com\/es\/wp-json\/wp\/v2\/pages\/3468","targetHints":{"allow":["GET"]}}],"collection":[{"href":"https:\/\/metropolitanmedicalassociates.com\/es\/wp-json\/wp\/v2\/pages"}],"about":[{"href":"https:\/\/metropolitanmedicalassociates.com\/es\/wp-json\/wp\/v2\/types\/page"}],"author":[{"embeddable":true,"href":"https:\/\/metropolitanmedicalassociates.com\/es\/wp-json\/wp\/v2\/users\/1"}],"replies":[{"embeddable":true,"href":"https:\/\/metropolitanmedicalassociates.com\/es\/wp-json\/wp\/v2\/comments?post=3468"}],"version-history":[{"count":4,"href":"https:\/\/metropolitanmedicalassociates.com\/es\/wp-json\/wp\/v2\/pages\/3468\/revisions"}],"predecessor-version":[{"id":3492,"href":"https:\/\/metropolitanmedicalassociates.com\/es\/wp-json\/wp\/v2\/pages\/3468\/revisions\/3492"}],"wp:attachment":[{"href":"https:\/\/metropolitanmedicalassociates.com\/es\/wp-json\/wp\/v2\/media?parent=3468"}],"curies":[{"name":"wp","href":"https:\/\/api.w.org\/{rel}","templated":true}]}}