{"id":3499,"date":"2025-03-25T21:27:14","date_gmt":"2025-03-25T21:27:14","guid":{"rendered":"https:\/\/metropolitanmedicalassociates.com\/\/dev\/?page_id=3499"},"modified":"2025-03-25T21:38:48","modified_gmt":"2025-03-25T21:38:48","slug":"cosas-que-saber","status":"publish","type":"page","link":"https:\/\/metropolitanmedicalassociates.com\/es\/toma-de-decisiones\/cosas-que-saber\/","title":{"rendered":"Cosas Que Saber &#8211; Metropolitan Medical Associates"},"content":{"rendered":"\t\t<div data-elementor-type=\"wp-page\" data-elementor-id=\"3499\" class=\"elementor elementor-3499\" data-elementor-post-type=\"page\">\n\t\t\t\t\t\t<section class=\"elementor-section elementor-top-section elementor-element elementor-element-6fb1e5b elementor-section-full_width elementor-section-content-middle elementor-section-stretched elementor-section-height-default elementor-section-height-default\" data-id=\"6fb1e5b\" data-element_type=\"section\" data-settings=\"{&quot;stretch_section&quot;:&quot;section-stretched&quot;,&quot;background_background&quot;:&quot;classic&quot;}\">\n\t\t\t\t\t\t\t<div class=\"elementor-background-overlay\"><\/div>\n\t\t\t\t\t\t\t<div class=\"elementor-container elementor-column-gap-no\">\n\t\t\t\t\t<div class=\"elementor-column elementor-col-100 elementor-top-column elementor-element elementor-element-1f85d8e\" data-id=\"1f85d8e\" data-element_type=\"column\">\n\t\t\t<div class=\"elementor-widget-wrap elementor-element-populated\">\n\t\t\t\t\t\t<section class=\"elementor-section elementor-inner-section elementor-element elementor-element-a76b89a elementor-section-boxed elementor-section-height-default elementor-section-height-default\" data-id=\"a76b89a\" data-element_type=\"section\">\n\t\t\t\t\t\t<div class=\"elementor-container elementor-column-gap-default\">\n\t\t\t\t\t<div class=\"elementor-column elementor-col-100 elementor-inner-column elementor-element elementor-element-2d6edb2\" data-id=\"2d6edb2\" data-element_type=\"column\">\n\t\t\t<div class=\"elementor-widget-wrap elementor-element-populated\">\n\t\t\t\t\t\t<div class=\"elementor-element elementor-element-1b0ab52 elementor-widget elementor-widget-heading\" data-id=\"1b0ab52\" data-element_type=\"widget\" data-widget_type=\"heading.default\">\n\t\t\t\t<div class=\"elementor-widget-container\">\n\t\t\t\t\t<h2 class=\"elementor-heading-title elementor-size-default\">Cosas Que Saber<\/h2>\t\t\t\t<\/div>\n\t\t\t\t<\/div>\n\t\t\t\t\t<\/div>\n\t\t<\/div>\n\t\t\t\t\t<\/div>\n\t\t<\/section>\n\t\t\t\t\t<\/div>\n\t\t<\/div>\n\t\t\t\t\t<\/div>\n\t\t<\/section>\n\t\t\t\t<section class=\"elementor-section elementor-top-section elementor-element elementor-element-e072e84 elementor-section-boxed elementor-section-height-default elementor-section-height-default\" data-id=\"e072e84\" data-element_type=\"section\">\n\t\t\t\t\t\t<div class=\"elementor-container elementor-column-gap-default\">\n\t\t\t\t\t<div class=\"elementor-column elementor-col-50 elementor-top-column elementor-element elementor-element-41f161f\" data-id=\"41f161f\" data-element_type=\"column\">\n\t\t\t<div class=\"elementor-widget-wrap elementor-element-populated\">\n\t\t\t\t\t\t<div class=\"elementor-element elementor-element-cb0828d elementor-widget elementor-widget-heading\" data-id=\"cb0828d\" data-element_type=\"widget\" data-widget_type=\"heading.default\">\n\t\t\t\t<div class=\"elementor-widget-container\">\n\t\t\t\t\t<h2 class=\"elementor-heading-title elementor-size-default\">Cosas que debe saber una vez tomada la decisi\u00f3n de abortar.<\/h2>\t\t\t\t<\/div>\n\t\t\t\t<\/div>\n\t\t\t\t<div class=\"elementor-element elementor-element-4480679 elementor-widget elementor-widget-text-editor\" data-id=\"4480679\" data-element_type=\"widget\" data-widget_type=\"text-editor.default\">\n\t\t\t\t<div class=\"elementor-widget-container\">\n\t\t\t\t\t\t\t\t\t<p>En primer lugar, debe elegir un proveedor de servicios de aborto o una cl\u00ednica de abortos que lleve a cabo su procedimiento.<\/p><p>Dependiendo de su lugar de residencia, las opciones pueden ser numerosas o, en muchos casos, limitadas. Desde hace unos a\u00f1os, cada vez son menos los proveedores de servicios de aborto y los hospitales que realizan este tipo de pr\u00e1cticas, debido a la entrada en vigor de diversas leyes estatales y restricciones en materia de interrupciones del embarazo.<\/p><p>Es buena idea hablar con su m\u00e9dico habitual, con un familiar o una amiga cercana. Tal vez puedan recomendarle un centro de servicios de aborto conocido por su experiencia y la calidad de sus cuidados.<\/p><p>Cuando llame al centro de servicios de aborto o a la consulta de su m\u00e9dico, aseg\u00farese de hacer todas las preguntas que considere oportunas antes de concertar una cita.<\/p>\t\t\t\t\t\t\t\t<\/div>\n\t\t\t\t<\/div>\n\t\t\t\t\t<\/div>\n\t\t<\/div>\n\t\t\t\t<div class=\"elementor-column elementor-col-50 elementor-top-column elementor-element elementor-element-9b230ab\" data-id=\"9b230ab\" data-element_type=\"column\" data-settings=\"{&quot;background_background&quot;:&quot;classic&quot;}\">\n\t\t\t<div class=\"elementor-widget-wrap elementor-element-populated\">\n\t\t\t\t\t\t<div class=\"elementor-element elementor-element-164f1e8 elementor-widget elementor-widget-spacer\" data-id=\"164f1e8\" data-element_type=\"widget\" data-widget_type=\"spacer.default\">\n\t\t\t\t<div class=\"elementor-widget-container\">\n\t\t\t\t\t\t\t<div class=\"elementor-spacer\">\n\t\t\t<div class=\"elementor-spacer-inner\"><\/div>\n\t\t<\/div>\n\t\t\t\t\t\t<\/div>\n\t\t\t\t<\/div>\n\t\t\t\t\t<\/div>\n\t\t<\/div>\n\t\t\t\t\t<\/div>\n\t\t<\/section>\n\t\t\t\t<section class=\"elementor-section elementor-top-section elementor-element elementor-element-e472ba8 elementor-section-boxed elementor-section-height-default elementor-section-height-default\" data-id=\"e472ba8\" data-element_type=\"section\">\n\t\t\t\t\t\t<div class=\"elementor-container elementor-column-gap-default\">\n\t\t\t\t\t<div class=\"elementor-column elementor-col-100 elementor-top-column elementor-element elementor-element-a2a0e96\" data-id=\"a2a0e96\" data-element_type=\"column\">\n\t\t\t<div class=\"elementor-widget-wrap elementor-element-populated\">\n\t\t\t\t\t\t<div class=\"elementor-element elementor-element-bbe2a5b elementor-widget elementor-widget-heading\" data-id=\"bbe2a5b\" data-element_type=\"widget\" data-widget_type=\"heading.default\">\n\t\t\t\t<div class=\"elementor-widget-container\">\n\t\t\t\t\t<h4 class=\"elementor-heading-title elementor-size-default\">Antes de llegar a la cl\u00ednica abortiva, usted tiene derecho a conocer:<\/h4>\t\t\t\t<\/div>\n\t\t\t\t<\/div>\n\t\t\t\t<div class=\"elementor-element elementor-element-6bd5d93 elementor-widget elementor-widget-text-editor\" data-id=\"6bd5d93\" data-element_type=\"widget\" data-widget_type=\"text-editor.default\">\n\t\t\t\t<div class=\"elementor-widget-container\">\n\t\t\t\t\t\t\t\t\t<ul><li>El\u00a0<strong>coste<\/strong>\u00a0del procedimiento, y si su seguro lo cubre.<\/li><li>El nombre del\u00a0<strong>m\u00e9dico<\/strong>, as\u00ed como sus credenciales.<\/li><li>La ubicaci\u00f3n del <strong>hospital<\/strong>\u00a0m\u00e1s cercano, y si el m\u00e9dico cirujano tiene preferencia all\u00ed.<\/li><li><p>Los tipos de\u00a0<strong>anestesia<\/strong> ofrecidos en el centro y c\u00f3mo son administrados.<\/p><\/li><li style=\"font-size: 16px;\"><p>Si se le cobrar\u00e1 alg\u00fan cargo en caso de que el procedimiento no se lleve a cabo por alg\u00fan motivo.<\/p><\/li><\/ul>\t\t\t\t\t\t\t\t<\/div>\n\t\t\t\t<\/div>\n\t\t\t\t<div class=\"elementor-element elementor-element-e2c5254 elementor-widget elementor-widget-text-editor\" data-id=\"e2c5254\" data-element_type=\"widget\" data-widget_type=\"text-editor.default\">\n\t\t\t\t<div class=\"elementor-widget-container\">\n\t\t\t\t\t\t\t\t\t<section class=\"section-text\"><div class=\"shell\"><div class=\"section__inner\"><div class=\"section__entry richtext-entry\"><p>Es de esperar que estar informada antes de su visita le ayude a aliviar en parte la ansiedad y el estr\u00e9s que pueda estar experimentando.<\/p><p>Consulte nuestra\u00a0<strong><span style=\"color: #272e4a;\">\u00a0<\/span><\/strong><a href=\"https:\/\/metropolitanmedicalassociates.com\/new\/faqs\/\"><strong><span style=\"color: #272e4a;\">p\u00e1gina<\/span><\/strong>\u00a0<\/a>\u00a0de preguntas para ampliar su informaci\u00f3n sobre los procedimientos de aborto.<\/p><\/div><\/div><\/div><\/section><section class=\"section-icons\"><header class=\"section__head\"><div class=\"shell\"><div class=\"services\"><div class=\"service\"><div class=\"service__inner\">\u00a0<\/div><\/div><\/div><\/div><\/header><\/section>\t\t\t\t\t\t\t\t<\/div>\n\t\t\t\t<\/div>\n\t\t\t\t<div class=\"elementor-element elementor-element-5abc223 elementor-widget elementor-widget-spacer\" data-id=\"5abc223\" data-element_type=\"widget\" data-widget_type=\"spacer.default\">\n\t\t\t\t<div class=\"elementor-widget-container\">\n\t\t\t\t\t\t\t<div class=\"elementor-spacer\">\n\t\t\t<div class=\"elementor-spacer-inner\"><\/div>\n\t\t<\/div>\n\t\t\t\t\t\t<\/div>\n\t\t\t\t<\/div>\n\t\t\t\t\t<\/div>\n\t\t<\/div>\n\t\t\t\t\t<\/div>\n\t\t<\/section>\n\t\t\t\t<\/div>\n\t\t","protected":false},"excerpt":{"rendered":"<p>Cosas Que Saber Cosas que debe saber una vez tomada la decisi\u00f3n de abortar. En primer lugar, debe elegir un proveedor de servicios de aborto o una cl\u00ednica de abortos que lleve a cabo su procedimiento. Dependiendo de su lugar de residencia, las opciones pueden ser numerosas o, en muchos casos, limitadas. Desde hace unos [&hellip;]<\/p>\n","protected":false},"author":1,"featured_media":0,"parent":3444,"menu_order":0,"comment_status":"closed","ping_status":"closed","template":"","meta":{"footnotes":""},"class_list":["post-3499","page","type-page","status-publish","hentry"],"yoast_head":"<!-- This site is optimized with the Yoast SEO plugin v24.7 - https:\/\/yoast.com\/wordpress\/plugins\/seo\/ -->\n<title>Cosas Que Saber - Metropolitan Medical Associates - Metropolitan Medical Associates<\/title>\n<meta name=\"robots\" content=\"index, follow, max-snippet:-1, max-image-preview:large, max-video-preview:-1\" \/>\n<link rel=\"canonical\" href=\"https:\/\/metropolitanmedicalassociates.com\/es\/toma-de-decisiones\/cosas-que-saber\/\" \/>\n<meta property=\"og:locale\" content=\"es_ES\" \/>\n<meta property=\"og:type\" content=\"article\" \/>\n<meta property=\"og:title\" content=\"Cosas Que Saber - Metropolitan Medical Associates - Metropolitan Medical Associates\" \/>\n<meta property=\"og:description\" content=\"Cosas Que Saber Cosas que debe saber una vez tomada la decisi\u00f3n de abortar. En primer lugar, debe elegir un proveedor de servicios de aborto o una cl\u00ednica de abortos que lleve a cabo su procedimiento. Dependiendo de su lugar de residencia, las opciones pueden ser numerosas o, en muchos casos, limitadas. Desde hace unos [&hellip;]\" \/>\n<meta property=\"og:url\" content=\"https:\/\/metropolitanmedicalassociates.com\/es\/toma-de-decisiones\/cosas-que-saber\/\" \/>\n<meta property=\"og:site_name\" content=\"Metropolitan Medical Associates\" \/>\n<meta property=\"article:modified_time\" content=\"2025-03-25T21:38:48+00:00\" \/>\n<meta name=\"twitter:card\" content=\"summary_large_image\" \/>\n<meta name=\"twitter:label1\" content=\"Est. reading time\" \/>\n\t<meta name=\"twitter:data1\" content=\"2 minutes\" \/>\n<script type=\"application\/ld+json\" class=\"yoast-schema-graph\">{\"@context\":\"https:\/\/schema.org\",\"@graph\":[{\"@type\":\"WebPage\",\"@id\":\"https:\/\/metropolitanmedicalassociates.com\/es\/toma-de-decisiones\/cosas-que-saber\/\",\"url\":\"https:\/\/metropolitanmedicalassociates.com\/es\/toma-de-decisiones\/cosas-que-saber\/\",\"name\":\"Cosas Que Saber - Metropolitan Medical Associates - Metropolitan Medical Associates\",\"isPartOf\":{\"@id\":\"https:\/\/metropolitanmedicalassociates.com\/#website\"},\"datePublished\":\"2025-03-25T21:27:14+00:00\",\"dateModified\":\"2025-03-25T21:38:48+00:00\",\"breadcrumb\":{\"@id\":\"https:\/\/metropolitanmedicalassociates.com\/es\/toma-de-decisiones\/cosas-que-saber\/#breadcrumb\"},\"inLanguage\":\"es-ES\",\"potentialAction\":[{\"@type\":\"ReadAction\",\"target\":[\"https:\/\/metropolitanmedicalassociates.com\/es\/toma-de-decisiones\/cosas-que-saber\/\"]}]},{\"@type\":\"BreadcrumbList\",\"@id\":\"https:\/\/metropolitanmedicalassociates.com\/es\/toma-de-decisiones\/cosas-que-saber\/#breadcrumb\",\"itemListElement\":[{\"@type\":\"ListItem\",\"position\":1,\"name\":\"Home\",\"item\":\"https:\/\/metropolitanmedicalassociates.com\/es\/\"},{\"@type\":\"ListItem\",\"position\":2,\"name\":\"TOMA DE DECISIONES &#8211; Metropolitan Medical Associates\",\"item\":\"https:\/\/metropolitanmedicalassociates.com\/es\/toma-de-decisiones\/\"},{\"@type\":\"ListItem\",\"position\":3,\"name\":\"Cosas Que Saber &#8211; Metropolitan Medical Associates\"}]},{\"@type\":\"WebSite\",\"@id\":\"https:\/\/metropolitanmedicalassociates.com\/#website\",\"url\":\"https:\/\/metropolitanmedicalassociates.com\/\",\"name\":\"Metropolitan Medical Associates\",\"description\":\"\",\"publisher\":{\"@id\":\"https:\/\/metropolitanmedicalassociates.com\/#organization\"},\"potentialAction\":[{\"@type\":\"SearchAction\",\"target\":{\"@type\":\"EntryPoint\",\"urlTemplate\":\"https:\/\/metropolitanmedicalassociates.com\/?s={search_term_string}\"},\"query-input\":{\"@type\":\"PropertyValueSpecification\",\"valueRequired\":true,\"valueName\":\"search_term_string\"}}],\"inLanguage\":\"es-ES\"},{\"@type\":\"Organization\",\"@id\":\"https:\/\/metropolitanmedicalassociates.com\/#organization\",\"name\":\"Metropolitan Medical Associates\",\"url\":\"https:\/\/metropolitanmedicalassociates.com\/\",\"logo\":{\"@type\":\"ImageObject\",\"inLanguage\":\"es-ES\",\"@id\":\"https:\/\/metropolitanmedicalassociates.com\/#\/schema\/logo\/image\/\",\"url\":\"https:\/\/metropolitanmedicalassociates.com\/wp-content\/uploads\/2025\/03\/cropped-cropped-MMA-logo.png\",\"contentUrl\":\"https:\/\/metropolitanmedicalassociates.com\/wp-content\/uploads\/2025\/03\/cropped-cropped-MMA-logo.png\",\"width\":512,\"height\":147,\"caption\":\"Metropolitan Medical Associates\"},\"image\":{\"@id\":\"https:\/\/metropolitanmedicalassociates.com\/#\/schema\/logo\/image\/\"}}]}<\/script>\n<!-- \/ Yoast SEO plugin. -->","yoast_head_json":{"title":"Cosas Que Saber - Metropolitan Medical Associates - Metropolitan Medical Associates","robots":{"index":"index","follow":"follow","max-snippet":"max-snippet:-1","max-image-preview":"max-image-preview:large","max-video-preview":"max-video-preview:-1"},"canonical":"https:\/\/metropolitanmedicalassociates.com\/es\/toma-de-decisiones\/cosas-que-saber\/","og_locale":"es_ES","og_type":"article","og_title":"Cosas Que Saber - Metropolitan Medical Associates - Metropolitan Medical Associates","og_description":"Cosas Que Saber Cosas que debe saber una vez tomada la decisi\u00f3n de abortar. En primer lugar, debe elegir un proveedor de servicios de aborto o una cl\u00ednica de abortos que lleve a cabo su procedimiento. Dependiendo de su lugar de residencia, las opciones pueden ser numerosas o, en muchos casos, limitadas. Desde hace unos [&hellip;]","og_url":"https:\/\/metropolitanmedicalassociates.com\/es\/toma-de-decisiones\/cosas-que-saber\/","og_site_name":"Metropolitan Medical Associates","article_modified_time":"2025-03-25T21:38:48+00:00","twitter_card":"summary_large_image","twitter_misc":{"Est. reading time":"2 minutes"},"schema":{"@context":"https:\/\/schema.org","@graph":[{"@type":"WebPage","@id":"https:\/\/metropolitanmedicalassociates.com\/es\/toma-de-decisiones\/cosas-que-saber\/","url":"https:\/\/metropolitanmedicalassociates.com\/es\/toma-de-decisiones\/cosas-que-saber\/","name":"Cosas Que Saber - Metropolitan Medical Associates - Metropolitan Medical Associates","isPartOf":{"@id":"https:\/\/metropolitanmedicalassociates.com\/#website"},"datePublished":"2025-03-25T21:27:14+00:00","dateModified":"2025-03-25T21:38:48+00:00","breadcrumb":{"@id":"https:\/\/metropolitanmedicalassociates.com\/es\/toma-de-decisiones\/cosas-que-saber\/#breadcrumb"},"inLanguage":"es-ES","potentialAction":[{"@type":"ReadAction","target":["https:\/\/metropolitanmedicalassociates.com\/es\/toma-de-decisiones\/cosas-que-saber\/"]}]},{"@type":"BreadcrumbList","@id":"https:\/\/metropolitanmedicalassociates.com\/es\/toma-de-decisiones\/cosas-que-saber\/#breadcrumb","itemListElement":[{"@type":"ListItem","position":1,"name":"Home","item":"https:\/\/metropolitanmedicalassociates.com\/es\/"},{"@type":"ListItem","position":2,"name":"TOMA DE DECISIONES &#8211; Metropolitan Medical Associates","item":"https:\/\/metropolitanmedicalassociates.com\/es\/toma-de-decisiones\/"},{"@type":"ListItem","position":3,"name":"Cosas Que Saber &#8211; Metropolitan Medical Associates"}]},{"@type":"WebSite","@id":"https:\/\/metropolitanmedicalassociates.com\/#website","url":"https:\/\/metropolitanmedicalassociates.com\/","name":"Metropolitan Medical Associates","description":"","publisher":{"@id":"https:\/\/metropolitanmedicalassociates.com\/#organization"},"potentialAction":[{"@type":"SearchAction","target":{"@type":"EntryPoint","urlTemplate":"https:\/\/metropolitanmedicalassociates.com\/?s={search_term_string}"},"query-input":{"@type":"PropertyValueSpecification","valueRequired":true,"valueName":"search_term_string"}}],"inLanguage":"es-ES"},{"@type":"Organization","@id":"https:\/\/metropolitanmedicalassociates.com\/#organization","name":"Metropolitan Medical Associates","url":"https:\/\/metropolitanmedicalassociates.com\/","logo":{"@type":"ImageObject","inLanguage":"es-ES","@id":"https:\/\/metropolitanmedicalassociates.com\/#\/schema\/logo\/image\/","url":"https:\/\/metropolitanmedicalassociates.com\/wp-content\/uploads\/2025\/03\/cropped-cropped-MMA-logo.png","contentUrl":"https:\/\/metropolitanmedicalassociates.com\/wp-content\/uploads\/2025\/03\/cropped-cropped-MMA-logo.png","width":512,"height":147,"caption":"Metropolitan Medical Associates"},"image":{"@id":"https:\/\/metropolitanmedicalassociates.com\/#\/schema\/logo\/image\/"}}]}},"_links":{"self":[{"href":"https:\/\/metropolitanmedicalassociates.com\/es\/wp-json\/wp\/v2\/pages\/3499","targetHints":{"allow":["GET"]}}],"collection":[{"href":"https:\/\/metropolitanmedicalassociates.com\/es\/wp-json\/wp\/v2\/pages"}],"about":[{"href":"https:\/\/metropolitanmedicalassociates.com\/es\/wp-json\/wp\/v2\/types\/page"}],"author":[{"embeddable":true,"href":"https:\/\/metropolitanmedicalassociates.com\/es\/wp-json\/wp\/v2\/users\/1"}],"replies":[{"embeddable":true,"href":"https:\/\/metropolitanmedicalassociates.com\/es\/wp-json\/wp\/v2\/comments?post=3499"}],"version-history":[{"count":21,"href":"https:\/\/metropolitanmedicalassociates.com\/es\/wp-json\/wp\/v2\/pages\/3499\/revisions"}],"predecessor-version":[{"id":3521,"href":"https:\/\/metropolitanmedicalassociates.com\/es\/wp-json\/wp\/v2\/pages\/3499\/revisions\/3521"}],"up":[{"embeddable":true,"href":"https:\/\/metropolitanmedicalassociates.com\/es\/wp-json\/wp\/v2\/pages\/3444"}],"wp:attachment":[{"href":"https:\/\/metropolitanmedicalassociates.com\/es\/wp-json\/wp\/v2\/media?parent=3499"}],"curies":[{"name":"wp","href":"https:\/\/api.w.org\/{rel}","templated":true}]}}