{"id":3529,"date":"2025-03-26T01:23:25","date_gmt":"2025-03-26T01:23:25","guid":{"rendered":"https:\/\/metropolitanmedicalassociates.com\/\/dev\/?page_id=3529"},"modified":"2025-03-26T01:24:54","modified_gmt":"2025-03-26T01:24:54","slug":"tras-su-visita-para-recibir-servicios-de-aborto","status":"publish","type":"page","link":"https:\/\/metropolitanmedicalassociates.com\/es\/tras-su-visita-para-recibir-servicios-de-aborto\/","title":{"rendered":"Tras su visita para recibir servicios de aborto &#8211; Metropolitan Medical Associates"},"content":{"rendered":"\t\t<div data-elementor-type=\"wp-page\" data-elementor-id=\"3529\" class=\"elementor elementor-3529\" data-elementor-post-type=\"page\">\n\t\t\t\t\t\t<section class=\"elementor-section elementor-top-section elementor-element elementor-element-6fb1e5b elementor-section-full_width elementor-section-content-middle elementor-section-stretched elementor-section-height-default elementor-section-height-default\" data-id=\"6fb1e5b\" data-element_type=\"section\" data-settings=\"{&quot;stretch_section&quot;:&quot;section-stretched&quot;,&quot;background_background&quot;:&quot;classic&quot;}\">\n\t\t\t\t\t\t\t<div class=\"elementor-background-overlay\"><\/div>\n\t\t\t\t\t\t\t<div class=\"elementor-container elementor-column-gap-no\">\n\t\t\t\t\t<div class=\"elementor-column elementor-col-100 elementor-top-column elementor-element elementor-element-1f85d8e\" data-id=\"1f85d8e\" data-element_type=\"column\">\n\t\t\t<div class=\"elementor-widget-wrap elementor-element-populated\">\n\t\t\t\t\t\t<section class=\"elementor-section elementor-inner-section elementor-element elementor-element-a76b89a elementor-section-boxed elementor-section-height-default elementor-section-height-default\" data-id=\"a76b89a\" data-element_type=\"section\">\n\t\t\t\t\t\t<div class=\"elementor-container elementor-column-gap-default\">\n\t\t\t\t\t<div class=\"elementor-column elementor-col-100 elementor-inner-column elementor-element elementor-element-2d6edb2\" data-id=\"2d6edb2\" data-element_type=\"column\">\n\t\t\t<div class=\"elementor-widget-wrap elementor-element-populated\">\n\t\t\t\t\t\t<div class=\"elementor-element elementor-element-1b0ab52 elementor-widget elementor-widget-heading\" data-id=\"1b0ab52\" data-element_type=\"widget\" data-widget_type=\"heading.default\">\n\t\t\t\t<div class=\"elementor-widget-container\">\n\t\t\t\t\t<h2 class=\"elementor-heading-title elementor-size-default\">Tras su visita para recibir servicios de aborto\n<\/h2>\t\t\t\t<\/div>\n\t\t\t\t<\/div>\n\t\t\t\t\t<\/div>\n\t\t<\/div>\n\t\t\t\t\t<\/div>\n\t\t<\/section>\n\t\t\t\t\t<\/div>\n\t\t<\/div>\n\t\t\t\t\t<\/div>\n\t\t<\/section>\n\t\t\t\t<section class=\"elementor-section elementor-top-section elementor-element elementor-element-e072e84 elementor-section-boxed elementor-section-height-default elementor-section-height-default\" data-id=\"e072e84\" data-element_type=\"section\">\n\t\t\t\t\t\t<div class=\"elementor-container elementor-column-gap-default\">\n\t\t\t\t\t<div class=\"elementor-column elementor-col-100 elementor-top-column elementor-element elementor-element-41f161f\" data-id=\"41f161f\" data-element_type=\"column\">\n\t\t\t<div class=\"elementor-widget-wrap elementor-element-populated\">\n\t\t\t\t\t\t<div class=\"elementor-element elementor-element-cb0828d elementor-widget elementor-widget-heading\" data-id=\"cb0828d\" data-element_type=\"widget\" data-widget_type=\"heading.default\">\n\t\t\t\t<div class=\"elementor-widget-container\">\n\t\t\t\t\t<h2 class=\"elementor-heading-title elementor-size-default\">Tras su visita para recibir servicios de aborto<\/h2>\t\t\t\t<\/div>\n\t\t\t\t<\/div>\n\t\t\t\t<div class=\"elementor-element elementor-element-4480679 elementor-widget elementor-widget-text-editor\" data-id=\"4480679\" data-element_type=\"widget\" data-widget_type=\"text-editor.default\">\n\t\t\t\t<div class=\"elementor-widget-container\">\n\t\t\t\t\t\t\t\t\t<p>Es importante que cuando abandone la cl\u00ednica lleve consigo sus instrucciones postoperatorias, as\u00ed como cualquier medicamento o receta que le entreguen.<\/p><ul><li>Descanse todo lo que sea necesario.<\/li><li>Por favor, NO CONDUZCA al menos durante las 8 horas posteriores a la cirug\u00eda.<\/li><li>Tras abandonar el centro, haga una ingesta moderada de alimentos y bebida antes de tomar su medicaci\u00f3n.<\/li><li>No tome ba\u00f1os, no nade ni se duche durante las 2 semanas posteriores a su cirug\u00eda.<\/li><li>Si nos lo solicita, le proporcionaremos un justificante m\u00e9dico para el trabajo o el colegio.<\/li><li>Evite el ejercicio vigoroso y no levante objetos pesados.<\/li><li>No mantenga relaciones sexuales.<\/li><li>Do not have sexual intercourse<\/li><li>Recuerde que tras la interrupci\u00f3n del embarazo es probable que experimente episodios leves de hemorragias, espasmos y sensibilidad mamaria. Si padeciera dolor extremo, sangrado y coagulaci\u00f3n excesivos, o temperaturas superiores a 100 \u00baF, no dude en llamarnos a cualquier hora del d\u00eda o la noche.<\/li><li>Recomendamos una revisi\u00f3n postoperatoria transcurridas 2-3 semanas.<br \/><br \/><\/li><\/ul><p><strong>Para obtener m\u00e1s informaci\u00f3n, ll\u00e1menos de lunes a s\u00e1bado entre las 8:00 AM y las 8:00 PM para hablar con una terapeuta o una enfermera, a la que podr\u00e1 trasladar cualquier duda o inquietud.<\/strong><\/p>\t\t\t\t\t\t\t\t<\/div>\n\t\t\t\t<\/div>\n\t\t\t\t\t<\/div>\n\t\t<\/div>\n\t\t\t\t\t<\/div>\n\t\t<\/section>\n\t\t\t\t<\/div>\n\t\t","protected":false},"excerpt":{"rendered":"<p>Tras su visita para recibir servicios de aborto Tras su visita para recibir servicios de aborto Es importante que cuando abandone la cl\u00ednica lleve consigo sus instrucciones postoperatorias, as\u00ed como cualquier medicamento o receta que le entreguen. Descanse todo lo que sea necesario. Por favor, NO CONDUZCA al menos durante las 8 horas posteriores a [&hellip;]<\/p>\n","protected":false},"author":1,"featured_media":0,"parent":0,"menu_order":0,"comment_status":"closed","ping_status":"closed","template":"","meta":{"footnotes":""},"class_list":["post-3529","page","type-page","status-publish","hentry"],"yoast_head":"<!-- This site is optimized with the Yoast SEO plugin v24.7 - https:\/\/yoast.com\/wordpress\/plugins\/seo\/ -->\n<title>Tras su visita para recibir servicios de aborto - Metropolitan Medical Associates - Metropolitan Medical Associates<\/title>\n<meta name=\"description\" content=\"After Your Visit for abortion care - review the abortion clinic post-operative instructions and take any medications or precscriptions given.\" \/>\n<meta name=\"robots\" content=\"index, follow, max-snippet:-1, max-image-preview:large, max-video-preview:-1\" \/>\n<link rel=\"canonical\" href=\"https:\/\/metropolitanmedicalassociates.com\/es\/tras-su-visita-para-recibir-servicios-de-aborto\/\" \/>\n<meta property=\"og:locale\" content=\"es_ES\" \/>\n<meta property=\"og:type\" content=\"article\" \/>\n<meta property=\"og:title\" content=\"Tras su visita para recibir servicios de aborto - Metropolitan Medical Associates - Metropolitan Medical Associates\" \/>\n<meta property=\"og:description\" content=\"After Your Visit for abortion care - review the abortion clinic post-operative instructions and take any medications or precscriptions given.\" \/>\n<meta property=\"og:url\" content=\"https:\/\/metropolitanmedicalassociates.com\/es\/tras-su-visita-para-recibir-servicios-de-aborto\/\" \/>\n<meta property=\"og:site_name\" content=\"Metropolitan Medical Associates\" \/>\n<meta property=\"article:modified_time\" content=\"2025-03-26T01:24:54+00:00\" \/>\n<meta name=\"twitter:card\" content=\"summary_large_image\" \/>\n<meta name=\"twitter:label1\" content=\"Est. reading time\" \/>\n\t<meta name=\"twitter:data1\" content=\"1 minute\" \/>\n<script type=\"application\/ld+json\" class=\"yoast-schema-graph\">{\"@context\":\"https:\/\/schema.org\",\"@graph\":[{\"@type\":\"WebPage\",\"@id\":\"https:\/\/metropolitanmedicalassociates.com\/es\/tras-su-visita-para-recibir-servicios-de-aborto\/\",\"url\":\"https:\/\/metropolitanmedicalassociates.com\/es\/tras-su-visita-para-recibir-servicios-de-aborto\/\",\"name\":\"Tras su visita para recibir servicios de aborto - Metropolitan Medical Associates - Metropolitan Medical Associates\",\"isPartOf\":{\"@id\":\"https:\/\/metropolitanmedicalassociates.com\/#website\"},\"datePublished\":\"2025-03-26T01:23:25+00:00\",\"dateModified\":\"2025-03-26T01:24:54+00:00\",\"description\":\"After Your Visit for abortion care - review the abortion clinic post-operative instructions and take any medications or precscriptions given.\",\"breadcrumb\":{\"@id\":\"https:\/\/metropolitanmedicalassociates.com\/es\/tras-su-visita-para-recibir-servicios-de-aborto\/#breadcrumb\"},\"inLanguage\":\"es-ES\",\"potentialAction\":[{\"@type\":\"ReadAction\",\"target\":[\"https:\/\/metropolitanmedicalassociates.com\/es\/tras-su-visita-para-recibir-servicios-de-aborto\/\"]}]},{\"@type\":\"BreadcrumbList\",\"@id\":\"https:\/\/metropolitanmedicalassociates.com\/es\/tras-su-visita-para-recibir-servicios-de-aborto\/#breadcrumb\",\"itemListElement\":[{\"@type\":\"ListItem\",\"position\":1,\"name\":\"Home\",\"item\":\"https:\/\/metropolitanmedicalassociates.com\/es\/\"},{\"@type\":\"ListItem\",\"position\":2,\"name\":\"Tras su visita para recibir servicios de aborto &#8211; Metropolitan Medical Associates\"}]},{\"@type\":\"WebSite\",\"@id\":\"https:\/\/metropolitanmedicalassociates.com\/#website\",\"url\":\"https:\/\/metropolitanmedicalassociates.com\/\",\"name\":\"Metropolitan Medical Associates\",\"description\":\"\",\"publisher\":{\"@id\":\"https:\/\/metropolitanmedicalassociates.com\/#organization\"},\"potentialAction\":[{\"@type\":\"SearchAction\",\"target\":{\"@type\":\"EntryPoint\",\"urlTemplate\":\"https:\/\/metropolitanmedicalassociates.com\/?s={search_term_string}\"},\"query-input\":{\"@type\":\"PropertyValueSpecification\",\"valueRequired\":true,\"valueName\":\"search_term_string\"}}],\"inLanguage\":\"es-ES\"},{\"@type\":\"Organization\",\"@id\":\"https:\/\/metropolitanmedicalassociates.com\/#organization\",\"name\":\"Metropolitan Medical Associates\",\"url\":\"https:\/\/metropolitanmedicalassociates.com\/\",\"logo\":{\"@type\":\"ImageObject\",\"inLanguage\":\"es-ES\",\"@id\":\"https:\/\/metropolitanmedicalassociates.com\/#\/schema\/logo\/image\/\",\"url\":\"https:\/\/metropolitanmedicalassociates.com\/wp-content\/uploads\/2025\/03\/cropped-cropped-MMA-logo.png\",\"contentUrl\":\"https:\/\/metropolitanmedicalassociates.com\/wp-content\/uploads\/2025\/03\/cropped-cropped-MMA-logo.png\",\"width\":512,\"height\":147,\"caption\":\"Metropolitan Medical Associates\"},\"image\":{\"@id\":\"https:\/\/metropolitanmedicalassociates.com\/#\/schema\/logo\/image\/\"}}]}<\/script>\n<!-- \/ Yoast SEO plugin. -->","yoast_head_json":{"title":"Tras su visita para recibir servicios de aborto - Metropolitan Medical Associates - Metropolitan Medical Associates","description":"After Your Visit for abortion care - review the abortion clinic post-operative instructions and take any medications or precscriptions given.","robots":{"index":"index","follow":"follow","max-snippet":"max-snippet:-1","max-image-preview":"max-image-preview:large","max-video-preview":"max-video-preview:-1"},"canonical":"https:\/\/metropolitanmedicalassociates.com\/es\/tras-su-visita-para-recibir-servicios-de-aborto\/","og_locale":"es_ES","og_type":"article","og_title":"Tras su visita para recibir servicios de aborto - Metropolitan Medical Associates - Metropolitan Medical Associates","og_description":"After Your Visit for abortion care - review the abortion clinic post-operative instructions and take any medications or precscriptions given.","og_url":"https:\/\/metropolitanmedicalassociates.com\/es\/tras-su-visita-para-recibir-servicios-de-aborto\/","og_site_name":"Metropolitan Medical Associates","article_modified_time":"2025-03-26T01:24:54+00:00","twitter_card":"summary_large_image","twitter_misc":{"Est. reading time":"1 minute"},"schema":{"@context":"https:\/\/schema.org","@graph":[{"@type":"WebPage","@id":"https:\/\/metropolitanmedicalassociates.com\/es\/tras-su-visita-para-recibir-servicios-de-aborto\/","url":"https:\/\/metropolitanmedicalassociates.com\/es\/tras-su-visita-para-recibir-servicios-de-aborto\/","name":"Tras su visita para recibir servicios de aborto - Metropolitan Medical Associates - Metropolitan Medical Associates","isPartOf":{"@id":"https:\/\/metropolitanmedicalassociates.com\/#website"},"datePublished":"2025-03-26T01:23:25+00:00","dateModified":"2025-03-26T01:24:54+00:00","description":"After Your Visit for abortion care - review the abortion clinic post-operative instructions and take any medications or precscriptions given.","breadcrumb":{"@id":"https:\/\/metropolitanmedicalassociates.com\/es\/tras-su-visita-para-recibir-servicios-de-aborto\/#breadcrumb"},"inLanguage":"es-ES","potentialAction":[{"@type":"ReadAction","target":["https:\/\/metropolitanmedicalassociates.com\/es\/tras-su-visita-para-recibir-servicios-de-aborto\/"]}]},{"@type":"BreadcrumbList","@id":"https:\/\/metropolitanmedicalassociates.com\/es\/tras-su-visita-para-recibir-servicios-de-aborto\/#breadcrumb","itemListElement":[{"@type":"ListItem","position":1,"name":"Home","item":"https:\/\/metropolitanmedicalassociates.com\/es\/"},{"@type":"ListItem","position":2,"name":"Tras su visita para recibir servicios de aborto &#8211; Metropolitan Medical Associates"}]},{"@type":"WebSite","@id":"https:\/\/metropolitanmedicalassociates.com\/#website","url":"https:\/\/metropolitanmedicalassociates.com\/","name":"Metropolitan Medical Associates","description":"","publisher":{"@id":"https:\/\/metropolitanmedicalassociates.com\/#organization"},"potentialAction":[{"@type":"SearchAction","target":{"@type":"EntryPoint","urlTemplate":"https:\/\/metropolitanmedicalassociates.com\/?s={search_term_string}"},"query-input":{"@type":"PropertyValueSpecification","valueRequired":true,"valueName":"search_term_string"}}],"inLanguage":"es-ES"},{"@type":"Organization","@id":"https:\/\/metropolitanmedicalassociates.com\/#organization","name":"Metropolitan Medical Associates","url":"https:\/\/metropolitanmedicalassociates.com\/","logo":{"@type":"ImageObject","inLanguage":"es-ES","@id":"https:\/\/metropolitanmedicalassociates.com\/#\/schema\/logo\/image\/","url":"https:\/\/metropolitanmedicalassociates.com\/wp-content\/uploads\/2025\/03\/cropped-cropped-MMA-logo.png","contentUrl":"https:\/\/metropolitanmedicalassociates.com\/wp-content\/uploads\/2025\/03\/cropped-cropped-MMA-logo.png","width":512,"height":147,"caption":"Metropolitan Medical Associates"},"image":{"@id":"https:\/\/metropolitanmedicalassociates.com\/#\/schema\/logo\/image\/"}}]}},"_links":{"self":[{"href":"https:\/\/metropolitanmedicalassociates.com\/es\/wp-json\/wp\/v2\/pages\/3529","targetHints":{"allow":["GET"]}}],"collection":[{"href":"https:\/\/metropolitanmedicalassociates.com\/es\/wp-json\/wp\/v2\/pages"}],"about":[{"href":"https:\/\/metropolitanmedicalassociates.com\/es\/wp-json\/wp\/v2\/types\/page"}],"author":[{"embeddable":true,"href":"https:\/\/metropolitanmedicalassociates.com\/es\/wp-json\/wp\/v2\/users\/1"}],"replies":[{"embeddable":true,"href":"https:\/\/metropolitanmedicalassociates.com\/es\/wp-json\/wp\/v2\/comments?post=3529"}],"version-history":[{"count":7,"href":"https:\/\/metropolitanmedicalassociates.com\/es\/wp-json\/wp\/v2\/pages\/3529\/revisions"}],"predecessor-version":[{"id":3536,"href":"https:\/\/metropolitanmedicalassociates.com\/es\/wp-json\/wp\/v2\/pages\/3529\/revisions\/3536"}],"wp:attachment":[{"href":"https:\/\/metropolitanmedicalassociates.com\/es\/wp-json\/wp\/v2\/media?parent=3529"}],"curies":[{"name":"wp","href":"https:\/\/api.w.org\/{rel}","templated":true}]}}