{"id":3537,"date":"2025-03-26T01:26:08","date_gmt":"2025-03-26T01:26:08","guid":{"rendered":"https:\/\/metropolitanmedicalassociates.com\/\/dev\/?page_id=3537"},"modified":"2025-03-26T01:30:58","modified_gmt":"2025-03-26T01:30:58","slug":"pago-seguro-ayuda-financiera","status":"publish","type":"page","link":"https:\/\/metropolitanmedicalassociates.com\/es\/pago-seguro-ayuda-financiera\/","title":{"rendered":"Pago, Seguro, Ayuda Financiera &#8211; Metropolitan Medical Associates"},"content":{"rendered":"\t\t<div data-elementor-type=\"wp-page\" data-elementor-id=\"3537\" class=\"elementor elementor-3537\" data-elementor-post-type=\"page\">\n\t\t\t\t\t\t<section class=\"elementor-section elementor-top-section elementor-element elementor-element-6fb1e5b elementor-section-full_width elementor-section-content-middle elementor-section-stretched elementor-section-height-default elementor-section-height-default\" data-id=\"6fb1e5b\" data-element_type=\"section\" data-settings=\"{&quot;stretch_section&quot;:&quot;section-stretched&quot;,&quot;background_background&quot;:&quot;classic&quot;}\">\n\t\t\t\t\t\t\t<div class=\"elementor-background-overlay\"><\/div>\n\t\t\t\t\t\t\t<div class=\"elementor-container elementor-column-gap-no\">\n\t\t\t\t\t<div class=\"elementor-column elementor-col-100 elementor-top-column elementor-element elementor-element-1f85d8e\" data-id=\"1f85d8e\" data-element_type=\"column\">\n\t\t\t<div class=\"elementor-widget-wrap elementor-element-populated\">\n\t\t\t\t\t\t<section class=\"elementor-section elementor-inner-section elementor-element elementor-element-a76b89a elementor-section-boxed elementor-section-height-default elementor-section-height-default\" data-id=\"a76b89a\" data-element_type=\"section\">\n\t\t\t\t\t\t<div class=\"elementor-container elementor-column-gap-default\">\n\t\t\t\t\t<div class=\"elementor-column elementor-col-100 elementor-inner-column elementor-element elementor-element-2d6edb2\" data-id=\"2d6edb2\" data-element_type=\"column\">\n\t\t\t<div class=\"elementor-widget-wrap elementor-element-populated\">\n\t\t\t\t\t\t<div class=\"elementor-element elementor-element-1b0ab52 elementor-widget elementor-widget-heading\" data-id=\"1b0ab52\" data-element_type=\"widget\" data-widget_type=\"heading.default\">\n\t\t\t\t<div class=\"elementor-widget-container\">\n\t\t\t\t\t<h2 class=\"elementor-heading-title elementor-size-default\">Pago, Seguro, Ayuda Financiera<\/h2>\t\t\t\t<\/div>\n\t\t\t\t<\/div>\n\t\t\t\t\t<\/div>\n\t\t<\/div>\n\t\t\t\t\t<\/div>\n\t\t<\/section>\n\t\t\t\t\t<\/div>\n\t\t<\/div>\n\t\t\t\t\t<\/div>\n\t\t<\/section>\n\t\t\t\t<section class=\"elementor-section elementor-top-section elementor-element elementor-element-e072e84 elementor-section-boxed elementor-section-height-default elementor-section-height-default\" data-id=\"e072e84\" data-element_type=\"section\">\n\t\t\t\t\t\t<div class=\"elementor-container elementor-column-gap-default\">\n\t\t\t\t\t<div class=\"elementor-column elementor-col-100 elementor-top-column elementor-element elementor-element-41f161f\" data-id=\"41f161f\" data-element_type=\"column\">\n\t\t\t<div class=\"elementor-widget-wrap elementor-element-populated\">\n\t\t\t\t\t\t<div class=\"elementor-element elementor-element-cb0828d elementor-widget elementor-widget-heading\" data-id=\"cb0828d\" data-element_type=\"widget\" data-widget_type=\"heading.default\">\n\t\t\t\t<div class=\"elementor-widget-container\">\n\t\t\t\t\t<h2 class=\"elementor-heading-title elementor-size-default\">Pol\u00edtica de Pagos<\/h2>\t\t\t\t<\/div>\n\t\t\t\t<\/div>\n\t\t\t\t<div class=\"elementor-element elementor-element-4480679 elementor-widget elementor-widget-text-editor\" data-id=\"4480679\" data-element_type=\"widget\" data-widget_type=\"text-editor.default\">\n\t\t\t\t<div class=\"elementor-widget-container\">\n\t\t\t\t\t\t\t\t\t<ul><li>El pago debe hacerse efectivo antes de someterse al procedimiento<\/li><li>Aceptamos dinero en met\u00e1lico o con tarjeta (MasterCard, Visa, American Express o Discover).<\/li><li>Nuestros honorarios incluyen: los an\u00e1lisis de laboratorio, el asesoramiento, la ecograf\u00eda y la anestesia.<\/li><li>Si tiene factor Rh negativo, realizaremos un cobro adicional por uso de Rhogam.<\/li><\/ul>\t\t\t\t\t\t\t\t<\/div>\n\t\t\t\t<\/div>\n\t\t\t\t<section class=\"elementor-section elementor-inner-section elementor-element elementor-element-0545b91 elementor-section-boxed elementor-section-height-default elementor-section-height-default\" data-id=\"0545b91\" data-element_type=\"section\">\n\t\t\t\t\t\t<div class=\"elementor-container elementor-column-gap-default\">\n\t\t\t\t\t<div class=\"elementor-column elementor-col-100 elementor-inner-column elementor-element elementor-element-87f9c98\" data-id=\"87f9c98\" data-element_type=\"column\">\n\t\t\t<div class=\"elementor-widget-wrap elementor-element-populated\">\n\t\t\t\t\t\t<div class=\"elementor-element elementor-element-bbe2a5b elementor-widget elementor-widget-heading\" data-id=\"bbe2a5b\" data-element_type=\"widget\" data-widget_type=\"heading.default\">\n\t\t\t\t<div class=\"elementor-widget-container\">\n\t\t\t\t\t<h4 class=\"elementor-heading-title elementor-size-default\">Seguro<\/h4>\t\t\t\t<\/div>\n\t\t\t\t<\/div>\n\t\t\t\t<div class=\"elementor-element elementor-element-f3227c9 elementor-widget elementor-widget-text-editor\" data-id=\"f3227c9\" data-element_type=\"widget\" data-widget_type=\"text-editor.default\">\n\t\t\t\t<div class=\"elementor-widget-container\">\n\t\t\t\t\t\t\t\t\t<p>Aceptamos la mayor\u00eda de seguros a terceros y de planes HMO, previa comprobaci\u00f3n por parte de nuestro departamento de seguros. Si desea hacer uso de su seguro, comun\u00edquenoslo con antelaci\u00f3n.<\/p><p>Tambi\u00e9n aceptamos la tarjeta Medicaid de Nueva Jersey con una foto de identificaci\u00f3n v\u00e1lida.<\/p>\t\t\t\t\t\t\t\t<\/div>\n\t\t\t\t<\/div>\n\t\t\t\t<div class=\"elementor-element elementor-element-a9bf48d elementor-widget elementor-widget-image\" data-id=\"a9bf48d\" data-element_type=\"widget\" data-widget_type=\"image.default\">\n\t\t\t\t<div class=\"elementor-widget-container\">\n\t\t\t\t\t\t\t\t\t\t\t\t\t\t\t<img fetchpriority=\"high\" decoding=\"async\" width=\"768\" height=\"135\" src=\"https:\/\/metropolitanmedicalassociates.com\/wp-content\/uploads\/2025\/03\/insurance-companies-new-jersey-womens-choice-medical-center-1-768x135-1.png\" class=\"attachment-large size-large wp-image-2115\" alt=\"\" srcset=\"https:\/\/metropolitanmedicalassociates.com\/wp-content\/uploads\/2025\/03\/insurance-companies-new-jersey-womens-choice-medical-center-1-768x135-1.png 768w, https:\/\/metropolitanmedicalassociates.com\/wp-content\/uploads\/2025\/03\/insurance-companies-new-jersey-womens-choice-medical-center-1-768x135-1-300x53.png 300w\" sizes=\"(max-width: 768px) 100vw, 768px\" \/>\t\t\t\t\t\t\t\t\t\t\t\t\t\t\t<\/div>\n\t\t\t\t<\/div>\n\t\t\t\t<div class=\"elementor-element elementor-element-898e94b elementor-widget elementor-widget-image\" data-id=\"898e94b\" data-element_type=\"widget\" data-widget_type=\"image.default\">\n\t\t\t\t<div class=\"elementor-widget-container\">\n\t\t\t\t\t\t\t\t\t\t\t\t\t\t\t<img decoding=\"async\" width=\"388\" height=\"137\" src=\"https:\/\/metropolitanmedicalassociates.com\/wp-content\/uploads\/2025\/03\/insurance-companies-new-jersey-womens-choice-medical-center-3.png\" class=\"attachment-large size-large wp-image-2116\" alt=\"\" srcset=\"https:\/\/metropolitanmedicalassociates.com\/wp-content\/uploads\/2025\/03\/insurance-companies-new-jersey-womens-choice-medical-center-3.png 388w, https:\/\/metropolitanmedicalassociates.com\/wp-content\/uploads\/2025\/03\/insurance-companies-new-jersey-womens-choice-medical-center-3-300x106.png 300w\" sizes=\"(max-width: 388px) 100vw, 388px\" \/>\t\t\t\t\t\t\t\t\t\t\t\t\t\t\t<\/div>\n\t\t\t\t<\/div>\n\t\t\t\t\t<\/div>\n\t\t<\/div>\n\t\t\t\t\t<\/div>\n\t\t<\/section>\n\t\t\t\t\t<\/div>\n\t\t<\/div>\n\t\t\t\t\t<\/div>\n\t\t<\/section>\n\t\t\t\t<section class=\"elementor-section elementor-top-section elementor-element elementor-element-b0170fb elementor-section-boxed elementor-section-height-default elementor-section-height-default\" data-id=\"b0170fb\" data-element_type=\"section\">\n\t\t\t\t\t\t<div class=\"elementor-container elementor-column-gap-default\">\n\t\t\t\t\t<div class=\"elementor-column elementor-col-100 elementor-top-column elementor-element elementor-element-a1bd6ef\" data-id=\"a1bd6ef\" data-element_type=\"column\">\n\t\t\t<div class=\"elementor-widget-wrap elementor-element-populated\">\n\t\t\t\t\t\t<section class=\"elementor-section elementor-inner-section elementor-element elementor-element-40914bd elementor-section-boxed elementor-section-height-default elementor-section-height-default\" data-id=\"40914bd\" data-element_type=\"section\">\n\t\t\t\t\t\t<div class=\"elementor-container elementor-column-gap-default\">\n\t\t\t\t\t<div class=\"elementor-column elementor-col-50 elementor-inner-column elementor-element elementor-element-165b82b\" data-id=\"165b82b\" data-element_type=\"column\">\n\t\t\t<div class=\"elementor-widget-wrap elementor-element-populated\">\n\t\t\t\t\t\t<div class=\"elementor-element elementor-element-1d2e4dc elementor-widget elementor-widget-heading\" data-id=\"1d2e4dc\" data-element_type=\"widget\" data-widget_type=\"heading.default\">\n\t\t\t\t<div class=\"elementor-widget-container\">\n\t\t\t\t\t<h4 class=\"elementor-heading-title elementor-size-default\">Descuento especial online<\/h4>\t\t\t\t<\/div>\n\t\t\t\t<\/div>\n\t\t\t\t<div class=\"elementor-element elementor-element-6bd5d93 elementor-widget elementor-widget-text-editor\" data-id=\"6bd5d93\" data-element_type=\"widget\" data-widget_type=\"text-editor.default\">\n\t\t\t\t<div class=\"elementor-widget-container\">\n\t\t\t\t\t\t\t\t\t<p>frecemos a las clientes que pagan en met\u00e1lico unos\u00a0<strong>PRECIOS M\u00c1S BAJOS<\/strong>\u00a0que var\u00edan en funci\u00f3n de lo avanzado de su embarazo. Por favor, llame para informarse.<\/p>\t\t\t\t\t\t\t\t<\/div>\n\t\t\t\t<\/div>\n\t\t\t\t<div class=\"elementor-element elementor-element-a70a9bd elementor-widget elementor-widget-heading\" data-id=\"a70a9bd\" data-element_type=\"widget\" data-widget_type=\"heading.default\">\n\t\t\t\t<div class=\"elementor-widget-container\">\n\t\t\t\t\t<h4 class=\"elementor-heading-title elementor-size-default\">Ayuda financiera<\/h4>\t\t\t\t<\/div>\n\t\t\t\t<\/div>\n\t\t\t\t<div class=\"elementor-element elementor-element-6cd6b52 elementor-widget elementor-widget-text-editor\" data-id=\"6cd6b52\" data-element_type=\"widget\" data-widget_type=\"text-editor.default\">\n\t\t\t\t<div class=\"elementor-widget-container\">\n\t\t\t\t\t\t\t\t\t<p>Si necesita ayuda financiera, le podemos informar sobre el\u00a0<strong><span style=\"color: #272e4a;\"><a style=\"color: #272e4a;\" href=\"https:\/\/abortionfunds.org\/fund\/new-jersey-abortion-access-fund\/\" target=\"_blank\" rel=\"noreferrer noopener\">Fondo de Acceso al Aborto de Nueva Jersey<\/a><\/span><\/strong>\u00a0(NJAA).\u00a0Una vez concertada su cita con nosotros, solicitaremos financiaci\u00f3n para usted. Si re\u00fane los requisitos, este fondo puede ayudarle a pagar sus servicios de aborto<\/p>\t\t\t\t\t\t\t\t<\/div>\n\t\t\t\t<\/div>\n\t\t\t\t\t<\/div>\n\t\t<\/div>\n\t\t\t\t<div class=\"elementor-column elementor-col-50 elementor-inner-column elementor-element elementor-element-b3f670b\" data-id=\"b3f670b\" data-element_type=\"column\">\n\t\t\t<div class=\"elementor-widget-wrap elementor-element-populated\">\n\t\t\t\t\t\t<div class=\"elementor-element elementor-element-f5e1be1 elementor-widget elementor-widget-image\" data-id=\"f5e1be1\" data-element_type=\"widget\" data-widget_type=\"image.default\">\n\t\t\t\t<div class=\"elementor-widget-container\">\n\t\t\t\t\t\t\t\t\t\t\t\t\t\t\t<img decoding=\"async\" width=\"324\" height=\"375\" src=\"https:\/\/metropolitanmedicalassociates.com\/wp-content\/uploads\/2025\/03\/national-network-of-abortion-funds.png\" class=\"attachment-large size-large wp-image-2120\" alt=\"\" srcset=\"https:\/\/metropolitanmedicalassociates.com\/wp-content\/uploads\/2025\/03\/national-network-of-abortion-funds.png 324w, https:\/\/metropolitanmedicalassociates.com\/wp-content\/uploads\/2025\/03\/national-network-of-abortion-funds-259x300.png 259w\" sizes=\"(max-width: 324px) 100vw, 324px\" \/>\t\t\t\t\t\t\t\t\t\t\t\t\t\t\t<\/div>\n\t\t\t\t<\/div>\n\t\t\t\t\t<\/div>\n\t\t<\/div>\n\t\t\t\t\t<\/div>\n\t\t<\/section>\n\t\t\t\t\t<\/div>\n\t\t<\/div>\n\t\t\t\t\t<\/div>\n\t\t<\/section>\n\t\t\t\t<\/div>\n\t\t","protected":false},"excerpt":{"rendered":"<p>Pago, Seguro, Ayuda Financiera Pol\u00edtica de Pagos El pago debe hacerse efectivo antes de someterse al procedimiento Aceptamos dinero en met\u00e1lico o con tarjeta (MasterCard, Visa, American Express o Discover). Nuestros honorarios incluyen: los an\u00e1lisis de laboratorio, el asesoramiento, la ecograf\u00eda y la anestesia. Si tiene factor Rh negativo, realizaremos un cobro adicional por uso [&hellip;]<\/p>\n","protected":false},"author":1,"featured_media":0,"parent":0,"menu_order":0,"comment_status":"closed","ping_status":"closed","template":"","meta":{"footnotes":""},"class_list":["post-3537","page","type-page","status-publish","hentry"],"yoast_head":"<!-- This site is optimized with the Yoast SEO plugin v24.7 - https:\/\/yoast.com\/wordpress\/plugins\/seo\/ -->\n<title>Pago, Seguro, Ayuda Financiera - Metropolitan Medical Associates - Metropolitan Medical Associates<\/title>\n<meta name=\"robots\" content=\"index, follow, max-snippet:-1, max-image-preview:large, max-video-preview:-1\" \/>\n<link rel=\"canonical\" href=\"https:\/\/metropolitanmedicalassociates.com\/es\/pago-seguro-ayuda-financiera\/\" \/>\n<meta property=\"og:locale\" content=\"es_ES\" \/>\n<meta property=\"og:type\" content=\"article\" \/>\n<meta property=\"og:title\" content=\"Pago, Seguro, Ayuda Financiera - Metropolitan Medical Associates - Metropolitan Medical Associates\" \/>\n<meta property=\"og:description\" content=\"Pago, Seguro, Ayuda Financiera Pol\u00edtica de Pagos El pago debe hacerse efectivo antes de someterse al procedimiento Aceptamos dinero en met\u00e1lico o con tarjeta (MasterCard, Visa, American Express o Discover). Nuestros honorarios incluyen: los an\u00e1lisis de laboratorio, el asesoramiento, la ecograf\u00eda y la anestesia. Si tiene factor Rh negativo, realizaremos un cobro adicional por uso [&hellip;]\" \/>\n<meta property=\"og:url\" content=\"https:\/\/metropolitanmedicalassociates.com\/es\/pago-seguro-ayuda-financiera\/\" \/>\n<meta property=\"og:site_name\" content=\"Metropolitan Medical Associates\" \/>\n<meta property=\"article:modified_time\" content=\"2025-03-26T01:30:58+00:00\" \/>\n<meta property=\"og:image\" content=\"https:\/\/metropolitanmedicalassociates.com\/dev\/wp-content\/uploads\/2025\/03\/insurance-companies-new-jersey-womens-choice-medical-center-1-768x135-1.png\" \/>\n<meta name=\"twitter:card\" content=\"summary_large_image\" \/>\n<meta name=\"twitter:label1\" content=\"Est. reading time\" \/>\n\t<meta name=\"twitter:data1\" content=\"2 minutes\" \/>\n<script type=\"application\/ld+json\" class=\"yoast-schema-graph\">{\"@context\":\"https:\/\/schema.org\",\"@graph\":[{\"@type\":\"WebPage\",\"@id\":\"https:\/\/metropolitanmedicalassociates.com\/es\/pago-seguro-ayuda-financiera\/\",\"url\":\"https:\/\/metropolitanmedicalassociates.com\/es\/pago-seguro-ayuda-financiera\/\",\"name\":\"Pago, Seguro, Ayuda Financiera - Metropolitan Medical Associates - Metropolitan Medical Associates\",\"isPartOf\":{\"@id\":\"https:\/\/metropolitanmedicalassociates.com\/#website\"},\"primaryImageOfPage\":{\"@id\":\"https:\/\/metropolitanmedicalassociates.com\/es\/pago-seguro-ayuda-financiera\/#primaryimage\"},\"image\":{\"@id\":\"https:\/\/metropolitanmedicalassociates.com\/es\/pago-seguro-ayuda-financiera\/#primaryimage\"},\"thumbnailUrl\":\"https:\/\/metropolitanmedicalassociates.com\/dev\/wp-content\/uploads\/2025\/03\/insurance-companies-new-jersey-womens-choice-medical-center-1-768x135-1.png\",\"datePublished\":\"2025-03-26T01:26:08+00:00\",\"dateModified\":\"2025-03-26T01:30:58+00:00\",\"breadcrumb\":{\"@id\":\"https:\/\/metropolitanmedicalassociates.com\/es\/pago-seguro-ayuda-financiera\/#breadcrumb\"},\"inLanguage\":\"es-ES\",\"potentialAction\":[{\"@type\":\"ReadAction\",\"target\":[\"https:\/\/metropolitanmedicalassociates.com\/es\/pago-seguro-ayuda-financiera\/\"]}]},{\"@type\":\"ImageObject\",\"inLanguage\":\"es-ES\",\"@id\":\"https:\/\/metropolitanmedicalassociates.com\/es\/pago-seguro-ayuda-financiera\/#primaryimage\",\"url\":\"https:\/\/metropolitanmedicalassociates.com\/dev\/wp-content\/uploads\/2025\/03\/insurance-companies-new-jersey-womens-choice-medical-center-1-768x135-1.png\",\"contentUrl\":\"https:\/\/metropolitanmedicalassociates.com\/dev\/wp-content\/uploads\/2025\/03\/insurance-companies-new-jersey-womens-choice-medical-center-1-768x135-1.png\"},{\"@type\":\"BreadcrumbList\",\"@id\":\"https:\/\/metropolitanmedicalassociates.com\/es\/pago-seguro-ayuda-financiera\/#breadcrumb\",\"itemListElement\":[{\"@type\":\"ListItem\",\"position\":1,\"name\":\"Home\",\"item\":\"https:\/\/metropolitanmedicalassociates.com\/es\/\"},{\"@type\":\"ListItem\",\"position\":2,\"name\":\"Pago, Seguro, Ayuda Financiera &#8211; Metropolitan Medical Associates\"}]},{\"@type\":\"WebSite\",\"@id\":\"https:\/\/metropolitanmedicalassociates.com\/#website\",\"url\":\"https:\/\/metropolitanmedicalassociates.com\/\",\"name\":\"Metropolitan Medical Associates\",\"description\":\"\",\"publisher\":{\"@id\":\"https:\/\/metropolitanmedicalassociates.com\/#organization\"},\"potentialAction\":[{\"@type\":\"SearchAction\",\"target\":{\"@type\":\"EntryPoint\",\"urlTemplate\":\"https:\/\/metropolitanmedicalassociates.com\/?s={search_term_string}\"},\"query-input\":{\"@type\":\"PropertyValueSpecification\",\"valueRequired\":true,\"valueName\":\"search_term_string\"}}],\"inLanguage\":\"es-ES\"},{\"@type\":\"Organization\",\"@id\":\"https:\/\/metropolitanmedicalassociates.com\/#organization\",\"name\":\"Metropolitan Medical Associates\",\"url\":\"https:\/\/metropolitanmedicalassociates.com\/\",\"logo\":{\"@type\":\"ImageObject\",\"inLanguage\":\"es-ES\",\"@id\":\"https:\/\/metropolitanmedicalassociates.com\/#\/schema\/logo\/image\/\",\"url\":\"https:\/\/metropolitanmedicalassociates.com\/wp-content\/uploads\/2025\/03\/cropped-cropped-MMA-logo.png\",\"contentUrl\":\"https:\/\/metropolitanmedicalassociates.com\/wp-content\/uploads\/2025\/03\/cropped-cropped-MMA-logo.png\",\"width\":512,\"height\":147,\"caption\":\"Metropolitan Medical Associates\"},\"image\":{\"@id\":\"https:\/\/metropolitanmedicalassociates.com\/#\/schema\/logo\/image\/\"}}]}<\/script>\n<!-- \/ Yoast SEO plugin. -->","yoast_head_json":{"title":"Pago, Seguro, Ayuda Financiera - Metropolitan Medical Associates - Metropolitan Medical Associates","robots":{"index":"index","follow":"follow","max-snippet":"max-snippet:-1","max-image-preview":"max-image-preview:large","max-video-preview":"max-video-preview:-1"},"canonical":"https:\/\/metropolitanmedicalassociates.com\/es\/pago-seguro-ayuda-financiera\/","og_locale":"es_ES","og_type":"article","og_title":"Pago, Seguro, Ayuda Financiera - Metropolitan Medical Associates - Metropolitan Medical Associates","og_description":"Pago, Seguro, Ayuda Financiera Pol\u00edtica de Pagos El pago debe hacerse efectivo antes de someterse al procedimiento Aceptamos dinero en met\u00e1lico o con tarjeta (MasterCard, Visa, American Express o Discover). Nuestros honorarios incluyen: los an\u00e1lisis de laboratorio, el asesoramiento, la ecograf\u00eda y la anestesia. Si tiene factor Rh negativo, realizaremos un cobro adicional por uso [&hellip;]","og_url":"https:\/\/metropolitanmedicalassociates.com\/es\/pago-seguro-ayuda-financiera\/","og_site_name":"Metropolitan Medical Associates","article_modified_time":"2025-03-26T01:30:58+00:00","og_image":[{"url":"https:\/\/metropolitanmedicalassociates.com\/dev\/wp-content\/uploads\/2025\/03\/insurance-companies-new-jersey-womens-choice-medical-center-1-768x135-1.png","type":"","width":"","height":""}],"twitter_card":"summary_large_image","twitter_misc":{"Est. reading time":"2 minutes"},"schema":{"@context":"https:\/\/schema.org","@graph":[{"@type":"WebPage","@id":"https:\/\/metropolitanmedicalassociates.com\/es\/pago-seguro-ayuda-financiera\/","url":"https:\/\/metropolitanmedicalassociates.com\/es\/pago-seguro-ayuda-financiera\/","name":"Pago, Seguro, Ayuda Financiera - Metropolitan Medical Associates - Metropolitan Medical Associates","isPartOf":{"@id":"https:\/\/metropolitanmedicalassociates.com\/#website"},"primaryImageOfPage":{"@id":"https:\/\/metropolitanmedicalassociates.com\/es\/pago-seguro-ayuda-financiera\/#primaryimage"},"image":{"@id":"https:\/\/metropolitanmedicalassociates.com\/es\/pago-seguro-ayuda-financiera\/#primaryimage"},"thumbnailUrl":"https:\/\/metropolitanmedicalassociates.com\/dev\/wp-content\/uploads\/2025\/03\/insurance-companies-new-jersey-womens-choice-medical-center-1-768x135-1.png","datePublished":"2025-03-26T01:26:08+00:00","dateModified":"2025-03-26T01:30:58+00:00","breadcrumb":{"@id":"https:\/\/metropolitanmedicalassociates.com\/es\/pago-seguro-ayuda-financiera\/#breadcrumb"},"inLanguage":"es-ES","potentialAction":[{"@type":"ReadAction","target":["https:\/\/metropolitanmedicalassociates.com\/es\/pago-seguro-ayuda-financiera\/"]}]},{"@type":"ImageObject","inLanguage":"es-ES","@id":"https:\/\/metropolitanmedicalassociates.com\/es\/pago-seguro-ayuda-financiera\/#primaryimage","url":"https:\/\/metropolitanmedicalassociates.com\/dev\/wp-content\/uploads\/2025\/03\/insurance-companies-new-jersey-womens-choice-medical-center-1-768x135-1.png","contentUrl":"https:\/\/metropolitanmedicalassociates.com\/dev\/wp-content\/uploads\/2025\/03\/insurance-companies-new-jersey-womens-choice-medical-center-1-768x135-1.png"},{"@type":"BreadcrumbList","@id":"https:\/\/metropolitanmedicalassociates.com\/es\/pago-seguro-ayuda-financiera\/#breadcrumb","itemListElement":[{"@type":"ListItem","position":1,"name":"Home","item":"https:\/\/metropolitanmedicalassociates.com\/es\/"},{"@type":"ListItem","position":2,"name":"Pago, Seguro, Ayuda Financiera &#8211; Metropolitan Medical Associates"}]},{"@type":"WebSite","@id":"https:\/\/metropolitanmedicalassociates.com\/#website","url":"https:\/\/metropolitanmedicalassociates.com\/","name":"Metropolitan Medical Associates","description":"","publisher":{"@id":"https:\/\/metropolitanmedicalassociates.com\/#organization"},"potentialAction":[{"@type":"SearchAction","target":{"@type":"EntryPoint","urlTemplate":"https:\/\/metropolitanmedicalassociates.com\/?s={search_term_string}"},"query-input":{"@type":"PropertyValueSpecification","valueRequired":true,"valueName":"search_term_string"}}],"inLanguage":"es-ES"},{"@type":"Organization","@id":"https:\/\/metropolitanmedicalassociates.com\/#organization","name":"Metropolitan Medical Associates","url":"https:\/\/metropolitanmedicalassociates.com\/","logo":{"@type":"ImageObject","inLanguage":"es-ES","@id":"https:\/\/metropolitanmedicalassociates.com\/#\/schema\/logo\/image\/","url":"https:\/\/metropolitanmedicalassociates.com\/wp-content\/uploads\/2025\/03\/cropped-cropped-MMA-logo.png","contentUrl":"https:\/\/metropolitanmedicalassociates.com\/wp-content\/uploads\/2025\/03\/cropped-cropped-MMA-logo.png","width":512,"height":147,"caption":"Metropolitan Medical Associates"},"image":{"@id":"https:\/\/metropolitanmedicalassociates.com\/#\/schema\/logo\/image\/"}}]}},"_links":{"self":[{"href":"https:\/\/metropolitanmedicalassociates.com\/es\/wp-json\/wp\/v2\/pages\/3537","targetHints":{"allow":["GET"]}}],"collection":[{"href":"https:\/\/metropolitanmedicalassociates.com\/es\/wp-json\/wp\/v2\/pages"}],"about":[{"href":"https:\/\/metropolitanmedicalassociates.com\/es\/wp-json\/wp\/v2\/types\/page"}],"author":[{"embeddable":true,"href":"https:\/\/metropolitanmedicalassociates.com\/es\/wp-json\/wp\/v2\/users\/1"}],"replies":[{"embeddable":true,"href":"https:\/\/metropolitanmedicalassociates.com\/es\/wp-json\/wp\/v2\/comments?post=3537"}],"version-history":[{"count":4,"href":"https:\/\/metropolitanmedicalassociates.com\/es\/wp-json\/wp\/v2\/pages\/3537\/revisions"}],"predecessor-version":[{"id":3541,"href":"https:\/\/metropolitanmedicalassociates.com\/es\/wp-json\/wp\/v2\/pages\/3537\/revisions\/3541"}],"wp:attachment":[{"href":"https:\/\/metropolitanmedicalassociates.com\/es\/wp-json\/wp\/v2\/media?parent=3537"}],"curies":[{"name":"wp","href":"https:\/\/api.w.org\/{rel}","templated":true}]}}